{"id":7693,"date":"2024-04-27T14:20:07","date_gmt":"2024-04-27T14:20:07","guid":{"rendered":"https:\/\/gintalevi.com\/product\/diadema-de-seda-natural-reina\/"},"modified":"2025-06-09T21:18:58","modified_gmt":"2025-06-09T19:18:58","slug":"diadema-de-seda-natural-reina","status":"publish","type":"product","link":"https:\/\/gintalevi.com\/es\/producto\/diadema-de-seda-natural-reina\/","title":{"rendered":"Diadema de seda natural Reina"},"content":{"rendered":"<div class=\"product-long-description\" style=\"padding: 1em;\">\n<h3>Descripci\u00f3n general del producto<\/h3>\n<p>\u00a1Ad\u00e9ntrate en un mundo de elegancia juguetona con la banda para el <strong>cabello de seda natural Queen 3 Cinta para el cabello Seta de seda natural<\/strong>!<br \/>\nHecha a mano con amor en Espa\u00f1a a partir de seda 100% natural de primera calidad, cada banda es un accesorio \u00fanico<br \/>\n de edici\u00f3n limitada que irradia pasi\u00f3n y precisi\u00f3n.<\/p>\n<p>No solo asegura tu cabello con un estilo sofisticado; Mima cada mech\u00f3n, aprovechando los incre\u00edbles beneficios naturales de la seda pura. \u00a1Dile adi\u00f3s a la rotura y hola a un cabello feliz! <\/p>\n<p><!-- Features & Benefits --><\/p>\n<h3 style=\"margin-top: 1.5em;\">Caracter\u00edsticas y ventajas<\/h3>\n<ul class=\"features-list\" style=\"list-style: none; padding: 0;\">\n<li style=\"margin-bottom: 0.5em;\"><span class=\"check-icon\" style=\"margin-right: 0.5em;\">\u2713<\/span><strong>Seda natural pura:<\/strong> Del\u00e9itese con el tacto lujoso, el brillo natural y la incre\u00edble suavidad que solo ofrece la seda genuina. \u00a1Tu cabello te lo agradecer\u00e1! <\/li>\n<li style=\"margin-bottom: 0.5em;\"><span class=\"check-icon\" style=\"margin-right: 0.5em;\">\u2713<\/span><strong>Artesan\u00eda hecha a mano:<\/strong> \ud83c\uddea\ud83c\uddf8 Hecha a mano con cari\u00f1o por talentosos artesanos espa\u00f1oles, lo que garantiza una calidad, car\u00e1cter y atenci\u00f3n al detalle inigualables en cada puntada. \u00a1Hecho en Espa\u00f1a con amor! <\/li>\n<li style=\"margin-bottom: 0.5em;\"><span class=\"check-icon\" style=\"margin-right: 0.5em;\">\u2713<\/span><strong>Edici\u00f3n limitada:<\/strong> Producido en peque\u00f1os lotes exclusivos, lo que garantiza que tu accesorio sea tan \u00fanico y especial como t\u00fa. \u00a1No te lo pierdas! <\/li>\n<li style=\"margin-bottom: 0.5em;\"><span class=\"check-icon\" style=\"margin-right: 0.5em;\">\u2713<\/span><strong>Ultimate Hair Care:<\/strong> La superficie lisa de la seda minimiza la fricci\u00f3n, reduciendo la rotura del cabello, las puntas abiertas, los enredos y los molestos pliegues de la cola de caballo. Perfecto para todo tipo de cabellos, incluidos los delicados o tratados. <\/li>\n<li style=\"margin-bottom: 0.5em;\"><span class=\"check-icon\" style=\"margin-right: 0.5em;\">\u2713<\/span><strong>Estilo vers\u00e1til:<\/strong> eleva sin esfuerzo cualquier look, desde una cola de caballo o un mo\u00f1o informal hasta sofisticados estilos de noche. Perfecto para el uso diario, los entrenamientos o las ocasiones especiales. <\/li>\n<\/ul>\n<p><!-- Premium Gift Packaging Section --><\/p>\n<h3 style=\"margin-top: 1.5em;\">Empaque de regalo premium<\/h3>\n<p>\u00bfListo para sorprender a alguien (o a ti mismo)?<br \/>\nNuestra impresionante caja de regalo premium, impregnada de un inconfundible estilo espa\u00f1ol,<br \/>\n transforma esta hermosa banda para el cabello en un regalo inolvidable para cualquier celebraci\u00f3n.<br \/>\n\u00a1Es elegancia, en caja! Echa un vistazo a nuestras magn\u00edficas im\u00e1genes de cajas de regalo a continuaci\u00f3n: <\/p>\n<div class=\"gift-images\" style=\"margin: 1em 0; display: flex; flex-wrap: wrap; gap: 10px;\"><img decoding=\"async\" style=\"max-width: 48%; height: auto; min-width: 200px;\" src=\"https:\/\/gintalevi.com\/wp-content\/uploads\/2023\/11\/IMG_1960_levels-scaled.jpg\" alt=\"Caja de regalo GintaLevi rosa premium\"><br \/>\n<img decoding=\"async\" style=\"max-width: 48%; height: auto; min-width: 200px;\" src=\"https:\/\/gintalevi.com\/wp-content\/uploads\/2023\/06\/IMG_1962_levels-2048x1365.jpg\" alt=\"Empaque premium de GintaLevi Silk Scrunchie\"><\/div>\n<p><!-- Care Instructions --><\/p>\n<h3 style=\"margin-top: 1.5em;\">Instrucciones de cuidado<\/h3>\n<p>Mantenga su <strong>banda para el cabello de seda natural Queen 3<\/strong> con un aspecto fabuloso en los a\u00f1os venideros: <\/p>\n<ol style=\"padding-left: 20px;\">\n<li style=\"margin-bottom: 0.5em;\">Lavar suavemente a mano en agua fr\u00eda (m\u00e1x. 30 \u00b0C) con un detergente suave y respetuoso con la seda.<\/li>\n<li style=\"margin-bottom: 0.5em;\">No retuerza ni retuerza. Exprime suavemente el exceso de agua. <\/li>\n<li style=\"margin-bottom: 0.5em;\">Acu\u00e9stelo para que se seque sobre una toalla, lejos de la luz solar directa o el calor. \u00a1Evite el secado a m\u00e1quina! <\/li>\n<li style=\"margin-bottom: 0.5em;\">Si es necesario, planche a fuego lento (ajuste de seda) en el reverso mientras est\u00e1 ligeramente h\u00famedo.<\/li>\n<\/ol>\n<p><!-- Why Choose Natural Silk Hair Band Queen 3? --><\/p>\n<h3 style=\"margin-top: 1.5em;\">\u00bfPor qu\u00e9 elegir la banda para el cabello de seda natural Queen 3?<\/h3>\n<p>\u00a1Porque te mereces un toque de lujo cotidiano que tambi\u00e9n sea incre\u00edblemente amable con tu cabello!<br \/>\nLa <strong>banda para el cabello de seda natural Queen 3<\/strong> Banda para el cabello Seta de seda natural no es solo un accesorio;<br \/>\nEs una inversi\u00f3n en la salud de tu cabello y en tu estilo personal.<\/p>\n<p>Combina el encanto espa\u00f1ol juguet\u00f3n (\u00a1\ud83c\uddea\ud83c\uddf8 Hecho con amor!) con una elegancia sofisticada,<br \/>\n minimizando el da\u00f1o y el frizz mientras agrega un toque de **tonos azules serenos** a tu look.<\/p>\n<p>Ya sea para darse un capricho o regalar un tesoro, esta banda dice mucho sobre la calidad, la exclusividad y el amor por las cosas bellas.<\/p>\n<p><!-- Call to Action --><\/p>\n<h3 style=\"margin-top: 1.5em; text-align: center;\">\u00bfListo para un toque de magia de seda?<\/h3>\n<p style=\"text-align: center; font-style: italic; font-size: 1.1em;\">\u00a1Date un capricho a ti mismo o a alguien especial con el delicioso lujo de la seda espa\u00f1ola! \u00a1Ordene su <strong>banda para el cabello de seda natural Queen 3 Banda para el cabello Seta de seda natural<\/strong> hoy y mejore su juego de estilo mientras mima su cabello! \u2728 <\/p>\n<\/div>\n","protected":false},"excerpt":{"rendered":"<div class=\"product-short-description\" style=\"padding: 1em;\">\n<h5>Banda para el cabello de seda natural Queen 3<\/h5>\n<p>Mejora tu look con nuestra exclusiva<br \/>\nbanda para el cabello de seda natural Queen 3, un accesorio de <strong>edici\u00f3n limitada<\/strong> elaborado con seda<br \/>\n100% natural y meticulosamente hecho a mano para ofrecer el m\u00e1ximo lujo y funcionalidad.<br \/>\n\ud83c\uddea\ud83c\uddf8 Hecho en Espa\u00f1a con amor.<\/p>\n<ul class=\"features-list\" style=\"list-style: none; padding: 0; margin-top: 0.5em;\">\n<li style=\"margin-bottom: 0.5em;\"><span class=\"check-icon\" style=\"margin-right: 0.5em;\">\u2713<\/span><strong>Seda 100% natural<\/strong> : naturalmente suave, evita roturas y agrega brillo.<\/li>\n<li style=\"margin-bottom: 0.5em;\"><span class=\"check-icon\" style=\"margin-right: 0.5em;\">\u2713<\/span><strong>Hecho a mano con cuidado<\/strong> : elaborado por h\u00e1biles artesanos.<\/li>\n<li style=\"margin-bottom: 0.5em;\"><span class=\"check-icon\" style=\"margin-right: 0.5em;\">\u2713<\/span><strong>Edici\u00f3n Limitada<\/strong> \u2013 Dise\u00f1o \u00fanico y exclusivo, como t\u00fa.<\/li>\n<li style=\"margin-bottom: 0.5em;\"><span class=\"check-icon\" style=\"margin-right: 0.5em;\">\u2713<\/span><strong>Amigable con el cabello<\/strong> : reduce la fricci\u00f3n, minimiza las arrugas y el encrespamiento.<\/li>\n<\/ul>\n<\/div>\n","protected":false},"featured_media":7695,"comment_status":"open","ping_status":"closed","template":"","meta":{"_monsterinsights_skip_tracking":false,"_monsterinsights_sitenote_active":false,"_monsterinsights_sitenote_note":"","_monsterinsights_sitenote_category":0},"product_brand":[],"product_cat":[118,120],"product_tag":[],"class_list":{"0":"post-7693","1":"product","2":"type-product","3":"status-publish","4":"has-post-thumbnail","6":"product_cat-coleteros","7":"product_cat-coleteros-queen-edicion-limitada","8":"yith_product_brand-ginta-levi-es","10":"first","11":"instock","12":"taxable","13":"shipping-taxable","14":"purchasable","15":"product-type-simple"},"aioseo_notices":[],"_links":{"self":[{"href":"https:\/\/gintalevi.com\/es\/wp-json\/wp\/v2\/product\/7693","targetHints":{"allow":["GET"]}}],"collection":[{"href":"https:\/\/gintalevi.com\/es\/wp-json\/wp\/v2\/product"}],"about":[{"href":"https:\/\/gintalevi.com\/es\/wp-json\/wp\/v2\/types\/product"}],"replies":[{"embeddable":true,"href":"https:\/\/gintalevi.com\/es\/wp-json\/wp\/v2\/comments?post=7693"}],"version-history":[{"count":1,"href":"https:\/\/gintalevi.com\/es\/wp-json\/wp\/v2\/product\/7693\/revisions"}],"predecessor-version":[{"id":9979,"href":"https:\/\/gintalevi.com\/es\/wp-json\/wp\/v2\/product\/7693\/revisions\/9979"}],"wp:featuredmedia":[{"embeddable":true,"href":"https:\/\/gintalevi.com\/es\/wp-json\/wp\/v2\/media\/7695"}],"wp:attachment":[{"href":"https:\/\/gintalevi.com\/es\/wp-json\/wp\/v2\/media?parent=7693"}],"wp:term":[{"taxonomy":"product_brand","embeddable":true,"href":"https:\/\/gintalevi.com\/es\/wp-json\/wp\/v2\/product_brand?post=7693"},{"taxonomy":"product_cat","embeddable":true,"href":"https:\/\/gintalevi.com\/es\/wp-json\/wp\/v2\/product_cat?post=7693"},{"taxonomy":"product_tag","embeddable":true,"href":"https:\/\/gintalevi.com\/es\/wp-json\/wp\/v2\/product_tag?post=7693"}],"curies":[{"name":"wp","href":"https:\/\/api.w.org\/{rel}","templated":true}]}}