{"id":7863,"date":"2023-10-05T13:06:33","date_gmt":"2023-10-05T13:06:33","guid":{"rendered":"https:\/\/gintalevi.com\/product\/diadema-de-seda-natural-clasic\/"},"modified":"2025-06-09T20:42:25","modified_gmt":"2025-06-09T18:42:25","slug":"diadema-de-seda-natural-clasic","status":"publish","type":"product","link":"https:\/\/gintalevi.com\/es\/producto\/diadema-de-seda-natural-clasic\/","title":{"rendered":"Diadema de seda natural Clasic"},"content":{"rendered":"<div class=\"product-long-description\" style=\"padding: 1em;\">\n<h3>Descripci\u00f3n general del producto<\/h3>\n<p>\u00a1Ad\u00e9ntrate en un mundo de elegancia refinada con la <strong>diadema de seda natural cl\u00e1sica<\/strong>!<br \/>\nHecha a mano con cari\u00f1o en Espa\u00f1a a partir de seta de seda 100% natural de primera calidad, cada diadema es una obra maestra \u00fanica de<br \/>\n edici\u00f3n limitada, que irradia pasi\u00f3n, precisi\u00f3n y estilo atemporal.<\/p>\n<p>Este no es solo un accesorio para el cabello; Es una declaraci\u00f3n de sofisticaci\u00f3n que mima tu cabello. La suavidad natural de la seda ayuda a proteger tu cabello del da\u00f1o, asegurando que te veas y te sientas fabuloso. <\/p>\n<p><!-- Features & Benefits --><\/p>\n<h3 style=\"margin-top: 1.5em;\">Caracter\u00edsticas y ventajas<\/h3>\n<ul class=\"features-list\" style=\"list-style: none; padding: 0;\">\n<li style=\"margin-bottom: 0.5em;\"><span class=\"check-icon\" style=\"margin-right: 0.5em;\">\u2713<\/span> <strong>Seta de seda pura 100% natural:<\/strong> Del\u00e9itese con el tacto lujoso, el brillo natural y la incre\u00edble suavidad que solo ofrece la Seta de seda genuina. \u00a1Tu cabello te lo agradecer\u00e1! <\/li>\n<li style=\"margin-bottom: 0.5em;\"><span class=\"check-icon\" style=\"margin-right: 0.5em;\">\u2713<\/span><strong>Artesan\u00eda hecha a mano:<\/strong> \ud83c\uddea\ud83c\uddf8 Meticulosamente hecha a mano por talentosos artesanos espa\u00f1oles, lo que garantiza una calidad inigualable, un car\u00e1cter \u00fanico y una meticulosa atenci\u00f3n al detalle en cada puntada. \u00a1Hecho en Espa\u00f1a con amor! <\/li>\n<li style=\"margin-bottom: 0.5em;\"><span class=\"check-icon\" style=\"margin-right: 0.5em;\">\u2713<\/span><strong>Edici\u00f3n Limitada y \u00danica:<\/strong> Producida en peque\u00f1as cantidades exclusivas, garantiza que tu diadema sea un accesorio especial y original, como t\u00fa.<\/li>\n<li style=\"margin-bottom: 0.5em;\"><span class=\"check-icon\" style=\"margin-right: 0.5em;\">\u2713<\/span><strong>M\u00e1xima protecci\u00f3n del cabello:<\/strong> la superficie excepcionalmente suave de la seda minimiza la fricci\u00f3n contra el cabello, lo que ayuda a reducir la rotura, las puntas abiertas, los enredos y los molestos pliegues de la diadema. Ideal para todo tipo de cabellos, incluidos los delicados o tratados. <\/li>\n<li style=\"margin-bottom: 0.5em;\"><span class=\"check-icon\" style=\"margin-right: 0.5em;\">\u2713<\/span><strong>Ajuste c\u00f3modo y seguro:<\/strong> dise\u00f1ado para proporcionar una sujeci\u00f3n c\u00f3moda pero segura, lo que le permite usarlo todo el d\u00eda sin presi\u00f3n ni molestias.<\/li>\n<li style=\"margin-bottom: 0.5em;\"><span class=\"check-icon\" style=\"margin-right: 0.5em;\">\u2713<\/span><strong>Estilo vers\u00e1til y elegante:<\/strong> eleva sin esfuerzo cualquier look, desde ropa informal para el d\u00eda hasta sofisticados conjuntos de noche. Una opci\u00f3n perfecta para mujeres y ni\u00f1as que buscan un toque de elegancia. <\/li>\n<\/ul>\n<p><!-- Premium Gift Packaging Section --><\/p>\n<h3 style=\"margin-top: 1.5em;\">Empaque de regalo premium<\/h3>\n<p>\u00bfListo para deleitar a alguien (o darse un capricho a s\u00ed mismo)?<br \/>\nNuestra impresionante caja de regalo premium, impregnada de un inconfundible estilo espa\u00f1ol,<br \/>\n transforma esta hermosa diadema en un regalo inolvidable para cualquier ocasi\u00f3n.<br \/>\n\u00a1Es elegancia, en caja! Echa un vistazo a nuestras magn\u00edficas im\u00e1genes de cajas de regalo: <\/p>\n<div class=\"gift-images\" style=\"margin: 1em 0; display: flex; flex-wrap: wrap; gap: 10px;\"><img decoding=\"async\" style=\"max-width: 48%; height: auto; min-width: 200px;\" src=\"https:\/\/gintalevi.com\/wp-content\/uploads\/2023\/11\/IMG_1960_levels-scaled.jpg\" alt=\"Caja de regalo GintaLevi rosa premium\"><br \/>\n<img decoding=\"async\" style=\"max-width: 48%; height: auto; min-width: 200px;\" src=\"https:\/\/gintalevi.com\/wp-content\/uploads\/2023\/06\/IMG_1962_levels-2048x1365.jpg\" alt=\"Empaque de accesorios de seda GintaLevi de primera calidad\"><\/div>\n<p><!-- Care Instructions --><\/p>\n<h3 style=\"margin-top: 1.5em;\">Instrucciones de cuidado<\/h3>\n<p>Mantenga su <strong>diadema de seda natural<\/strong> cl\u00e1sica con un aspecto fabuloso en los a\u00f1os venideros: <\/p>\n<ol style=\"padding-left: 20px;\">\n<li style=\"margin-bottom: 0.5em;\">Lavar suavemente a mano en agua fr\u00eda (m\u00e1x. 30 \u00b0C) con un detergente suave y respetuoso con la seda.<\/li>\n<li style=\"margin-bottom: 0.5em;\">No retuerza ni retuerza. Exprime suavemente el exceso de agua. <\/li>\n<li style=\"margin-bottom: 0.5em;\">Acu\u00e9stelo para que se seque sobre una toalla, lejos de la luz solar directa o el calor. \u00a1Evite el secado a m\u00e1quina! <\/li>\n<li style=\"margin-bottom: 0.5em;\">Si es necesario, planche a una temperatura muy baja (configuraci\u00f3n de seda) en el reverso o a trav\u00e9s de un pa\u00f1o, evitando el calor directo en los adornos o en la estructura de la banda en s\u00ed si es r\u00edgida.<\/li>\n<\/ol>\n<p><!-- Why Choose Natural Silk Headband Clasic? --><\/p>\n<h3 style=\"margin-top: 1.5em;\">\u00bfPor qu\u00e9 elegir la diadema de seda natural cl\u00e1sica?<\/h3>\n<p>\u00a1Porque te mereces un accesorio que no solo sea elegante, sino tambi\u00e9n incre\u00edblemente amable con tu cabello!<br \/>\nLa <strong>diadema de seda natural cl\u00e1sica<\/strong> es m\u00e1s que una diadema;<br \/>\nEs una inversi\u00f3n en la salud de tu cabello, tu comodidad y tu estilo personal \u00fanico.<\/p>\n<p>Combina maravillosamente el encanto espa\u00f1ol juguet\u00f3n (\u00a1\ud83c\uddea\ud83c\uddf8 hecho con amor!) con una elegancia sofisticada,<br \/>\n minimizando el da\u00f1o del cabello y agregando un toque de <strong>su elegancia inherente<\/strong> a su look.<\/p>\n<p>Ya sea que te est\u00e9s dando un capricho o regalando a alguien especial, esta diadema dice mucho sobre la calidad, la exclusividad y el amor por los accesorios bellamente elaborados.<\/p>\n<p><!-- Call to Action --><\/p>\n<h3 style=\"margin-top: 1.5em; text-align: center;\">\n\u00bfListo para un toque de elegancia sedosa?<\/h3>\n<p style=\"text-align: center; font-style: italic; font-size: 1.1em;\">\u00a1Date un capricho a ti mismo o a alguien especial con el delicioso lujo de la seda espa\u00f1ola! \u00a1Ordene su <strong>diadema de seda natural<\/strong> cl\u00e1sica hoy y eleve su estilo mientras acaricia su cabello! \u2728 <\/p>\n<\/div>\n","protected":false},"excerpt":{"rendered":"<div class=\"product-short-description\" style=\"padding: 1em;\">\nMejora tu peinado con nuestra exquisita<br \/>\ndiadema de seda natural cl\u00e1sica, un accesorio de <strong>edici\u00f3n limitada<\/strong> elaborado con lujosa seta de seda 100% natural,<br \/>\n meticulosamente hecha a mano en Espa\u00f1a para ofrecer la m\u00e1xima elegancia, comodidad y protecci\u00f3n del cabello.<\/p>\n<p>\ud83c\uddea\ud83c\uddf8 Hecho en Espa\u00f1a con amor.<\/p>\n<ul class=\"features-list\" style=\"list-style: none; padding: 0; margin-top: 0.5em;\">\n<li style=\"margin-bottom: 0.5em;\"><span class=\"check-icon\" style=\"margin-right: 0.5em;\">\u2713<\/span><strong>Seda 100% natural Seta<\/strong> \u2013 Naturalmente suave, evita la rotura del cabello, reduce la fricci\u00f3n y las arrugas.<\/li>\n<li style=\"margin-bottom: 0.5em;\"><span class=\"check-icon\" style=\"margin-right: 0.5em;\">\u2713<\/span><strong>Hecho a mano con cuidado<\/strong> : elaborado por h\u00e1biles artesanos para un acabado \u00fanico y de alta calidad.<\/li>\n<li style=\"margin-bottom: 0.5em;\"><span class=\"check-icon\" style=\"margin-right: 0.5em;\">\u2713<\/span><strong>Edici\u00f3n limitada<\/strong> : un dise\u00f1o exclusivo que garantiza que su estilo siga siendo distintivo.<\/li>\n<li style=\"margin-bottom: 0.5em;\"><span class=\"check-icon\" style=\"margin-right: 0.5em;\">\u2713<\/span> <strong>Suave y agradable para el cabello<\/strong>: se desliza suavemente sobre el cabello sin tirones ni enganches, perfecto para todo tipo de cabello.<\/li>\n<li style=\"margin-bottom: 0.5em;\"><span class=\"check-icon\" style=\"margin-right: 0.5em;\">\u2713<\/span><strong>Perfecto para mujeres y ni\u00f1as<\/strong> : un accesorio hermoso y pr\u00e1ctico para cualquier edad.<\/li>\n<\/ul>\n<\/div>\n","protected":false},"featured_media":7864,"comment_status":"open","ping_status":"closed","template":"","meta":{"_monsterinsights_skip_tracking":false,"_monsterinsights_sitenote_active":false,"_monsterinsights_sitenote_note":"","_monsterinsights_sitenote_category":0},"product_brand":[],"product_cat":[124],"product_tag":[],"class_list":{"0":"post-7863","1":"product","2":"type-product","3":"status-publish","4":"has-post-thumbnail","6":"product_cat-diadema-para-el-pelo","7":"yith_product_brand-ginta-levi-es","9":"first","10":"instock","11":"taxable","12":"shipping-taxable","13":"purchasable","14":"product-type-simple"},"aioseo_notices":[],"_links":{"self":[{"href":"https:\/\/gintalevi.com\/es\/wp-json\/wp\/v2\/product\/7863","targetHints":{"allow":["GET"]}}],"collection":[{"href":"https:\/\/gintalevi.com\/es\/wp-json\/wp\/v2\/product"}],"about":[{"href":"https:\/\/gintalevi.com\/es\/wp-json\/wp\/v2\/types\/product"}],"replies":[{"embeddable":true,"href":"https:\/\/gintalevi.com\/es\/wp-json\/wp\/v2\/comments?post=7863"}],"version-history":[{"count":1,"href":"https:\/\/gintalevi.com\/es\/wp-json\/wp\/v2\/product\/7863\/revisions"}],"predecessor-version":[{"id":9945,"href":"https:\/\/gintalevi.com\/es\/wp-json\/wp\/v2\/product\/7863\/revisions\/9945"}],"wp:featuredmedia":[{"embeddable":true,"href":"https:\/\/gintalevi.com\/es\/wp-json\/wp\/v2\/media\/7864"}],"wp:attachment":[{"href":"https:\/\/gintalevi.com\/es\/wp-json\/wp\/v2\/media?parent=7863"}],"wp:term":[{"taxonomy":"product_brand","embeddable":true,"href":"https:\/\/gintalevi.com\/es\/wp-json\/wp\/v2\/product_brand?post=7863"},{"taxonomy":"product_cat","embeddable":true,"href":"https:\/\/gintalevi.com\/es\/wp-json\/wp\/v2\/product_cat?post=7863"},{"taxonomy":"product_tag","embeddable":true,"href":"https:\/\/gintalevi.com\/es\/wp-json\/wp\/v2\/product_tag?post=7863"}],"curies":[{"name":"wp","href":"https:\/\/api.w.org\/{rel}","templated":true}]}}