{"id":8031,"date":"2023-10-02T13:59:24","date_gmt":"2023-10-02T13:59:24","guid":{"rendered":"https:\/\/gintalevi.com\/product\/sleep-set-chocolate-negro\/"},"modified":"2025-06-09T21:19:13","modified_gmt":"2025-06-09T19:19:13","slug":"sleep-set-chocolate-negro","status":"publish","type":"product","link":"https:\/\/gintalevi.com\/es\/producto\/sleep-set-chocolate-negro\/","title":{"rendered":"Sleep Set Chocolate negro"},"content":{"rendered":"<div class=\"product-long-description\" style=\"padding: 1em;\">\n<h3>Descripci\u00f3n general del producto<\/h3>\n<p>Transforme su sue\u00f1o en un tratamiento de spa nocturno con el lujoso <strong>Sleep Set . \u00a1Chocolate negro<\/strong>!<br \/>\nHecho a mano con amor en Espa\u00f1a, este exquisito set de dormir cuenta con seda 100% natural de primera calidad. Cada set es una colecci\u00f3n \u00fanica de<br \/>\n edici\u00f3n limitada, dise\u00f1ada para envolverte en una comodidad incomparable y ofrecer notables beneficios para tu piel y cabello. <\/p>\n<p>Experimenta la suave caricia de la seda pura y despierta sinti\u00e9ndote renovado, con una piel m\u00e1s suave y un cabello de aspecto m\u00e1s saludable. Es m\u00e1s que ropa de cama; Es una inversi\u00f3n en tu bienestar. <\/p>\n<p><!-- Features & Benefits --><\/p>\n<h3 style=\"margin-top: 1.5em;\">Caracter\u00edsticas y ventajas<\/h3>\n<ul class=\"features-list\" style=\"list-style: none; padding: 0;\">\n<li style=\"margin-bottom: 0.5em;\"><span class=\"check-icon\" style=\"margin-right: 0.5em;\"><strong>Hipoalerg\u00e9nica y antibacteriana:<\/strong> La seda natural posee cualidades antial\u00e9rgicas y antibacterianas, por lo que es muy recomendable para personas con alergias o afecciones de piel sensible como acn\u00e9, dermatitis o eczema.<\/span><\/li>\n<li style=\"margin-bottom: 0.5em;\"><span class=\"check-icon\" style=\"margin-right: 0.5em;\">\u2713<\/span><strong>Mantiene la hidrataci\u00f3n de la piel:<\/strong> Las propiedades naturales de la seda ayudan a la piel a retener su humedad porque, a diferencia del algod\u00f3n, la seda no absorbe el cabello ni los productos para el cuidado de la piel. Despierta con un cutis m\u00e1s hidratado y radiante. <\/li>\n<li style=\"margin-bottom: 0.5em;\"><span class=\"check-icon\" style=\"margin-right: 0.5em;\">\u2713<\/span><strong>Antienvejecimiento y prevenci\u00f3n de arrugas:<\/strong> Dormir sobre una superficie de seda reduce la fricci\u00f3n en la piel, lo que ayuda a prevenir las arrugas del sue\u00f1o, las l\u00edneas finas y los signos prematuros del envejecimiento.<\/li>\n<li style=\"margin-bottom: 0.5em;\"><span class=\"check-icon\" style=\"margin-right: 0.5em;\">\u2713<\/span><strong>Calma la piel irritada:<\/strong> La seda contiene una prote\u00edna natural llamada sericina (a menudo denominada \u201cpegamento de seda\u201d), que tiene un efecto calmante sobre la piel irritada. Esto hace que las fundas de almohada de seda sean una excelente opci\u00f3n incluso para ni\u00f1os o personas con piel delicada. <\/li>\n<li style=\"margin-bottom: 0.5em;\"><span class=\"check-icon\" style=\"margin-right: 0.5em;\">\u2713<\/span><strong>Promueve la belleza del cabello:<\/strong> Protege el cabello de las puntas abiertas, el frizz y los enredos. Dormir sobre seda significa menos fricci\u00f3n, por lo que tu cabello permanece m\u00e1s suave, menos desordenado y m\u00e1s f\u00e1cil de peinar por la ma\u00f1ana. <\/li>\n<li style=\"margin-bottom: 0.5em;\"><span class=\"check-icon\" style=\"margin-right: 0.5em;\">\u2713<\/span><strong>Regulaci\u00f3n natural de la temperatura:<\/strong> la seda de morera 100% natural regula naturalmente la temperatura corporal, ayud\u00e1ndote a mantenerte fresco en verano y c\u00e1lido en invierno para un sue\u00f1o saludable y eficiente durante todo el a\u00f1o.<\/li>\n<li style=\"margin-bottom: 0.5em;\"><span class=\"check-icon\" style=\"margin-right: 0.5em;\">\u2713<\/span><strong>Artesan\u00eda hecha a mano:<\/strong> \ud83c\uddea\ud83c\uddf8 Hecha a mano con cari\u00f1o por talentosos artesanos espa\u00f1oles, lo que garantiza una calidad, car\u00e1cter y atenci\u00f3n al detalle inigualables en cada puntada. \u00a1Hecho en Espa\u00f1a con amor! <\/li>\n<li style=\"margin-bottom: 0.5em;\"><span class=\"check-icon\" style=\"margin-right: 0.5em;\">\u2713<\/span><strong>Edici\u00f3n limitada:<\/strong> Producido en peque\u00f1os lotes exclusivos, lo que garantiza que tu set de dormir sea tan \u00fanico y especial como t\u00fa.<\/li>\n<\/ul>\n<p><!-- Premium Gift Packaging Section --><\/p>\n<h3 style=\"margin-top: 1.5em;\">Empaque de regalo premium<\/h3>\n<p>\u00bfListo para regalar el sue\u00f1o de un sue\u00f1o perfecto (a alguien o a ti mismo)?<br \/>\nNuestra impresionante caja de regalo premium, impregnada de un inconfundible estilo espa\u00f1ol,<br \/>\n transforma este hermoso juego de dormir en un regalo inolvidable para cualquier celebraci\u00f3n.<br \/>\n\u00a1Es lujo, en caja! Echa un vistazo a nuestras magn\u00edficas im\u00e1genes de cajas de regalo (ejemplo): <\/p>\n<div class=\"gift-images\" style=\"margin: 1em 0; display: flex; flex-wrap: wrap; gap: 10px;\"><img decoding=\"async\" style=\"max-width: 48%; height: auto; min-width: 200px;\" src=\"https:\/\/gintalevi.com\/wp-content\/uploads\/2023\/11\/IMG_1960_levels-scaled.jpg\" alt=\"Caja de regalo GintaLevi rosa premium\"><br \/>\n<img decoding=\"async\" style=\"max-width: 48%; height: auto; min-width: 200px;\" src=\"https:\/\/gintalevi.com\/wp-content\/uploads\/2024\/01\/SetTheSnowPackaging.jpg\" alt=\"Ejemplo de empaque del juego de dormir GintaLevi\"><\/div>\n<p><!-- Care Instructions --><\/p>\n<h3 style=\"margin-top: 1.5em;\">Instrucciones de cuidado<\/h3>\n<p>Mantenga su <strong>conjunto de sue\u00f1o . El chocolate negro<\/strong> se ve y se siente lujoso en los a\u00f1os venideros: <\/p>\n<ol style=\"padding-left: 20px;\">\n<li style=\"margin-bottom: 0.5em;\">Lavar suavemente a mano en agua fr\u00eda (m\u00e1x. 30 \u00b0C) con un detergente suave y respetuoso con la seda.<\/li>\n<li style=\"margin-bottom: 0.5em;\">Alternativamente, lavar a m\u00e1quina en un ciclo delicado (m\u00e1x. 30 \u00b0 C) en una bolsa de lavander\u00eda de malla.<\/li>\n<li style=\"margin-bottom: 0.5em;\">No retuerza ni retuerza. Exprima suavemente el exceso de agua si se lava a mano. <\/li>\n<li style=\"margin-bottom: 0.5em;\">Col\u00f3quelo en posici\u00f3n horizontal o cu\u00e9lguelo para que se seque sobre una toalla, lejos de la luz solar directa o el calor. \u00a1Evite el secado a m\u00e1quina! <\/li>\n<li style=\"margin-bottom: 0.5em;\">Si es necesario, planche a fuego lento (ajuste de seda) en el reverso mientras est\u00e1 ligeramente h\u00famedo.<\/li>\n<\/ol>\n<p><!-- Why Choose Sleep Set .Dark Chocolate? --><\/p>\n<h3 style=\"margin-top: 1.5em;\">\u00bfPor qu\u00e9 elegir Sleep Set? \u00bfChocolate amargo?<\/h3>\n<p>Porque te mereces el lujo de un sue\u00f1o reparador y el cuidado suave que solo la seda pura puede proporcionar.<br \/>\nEl <strong>conjunto de sue\u00f1o . El chocolate negro<\/strong> no es solo un accesorio de ropa de cama;<br \/>\nEs una inversi\u00f3n en el rejuvenecimiento nocturno, la salud de la piel y la vitalidad del cabello.<\/p>\n<p>Combina el encanto juguet\u00f3n espa\u00f1ol (\u00a1\ud83c\uddea\ud83c\uddf8 Hecho con amor!) con elegancia sofisticada y beneficios respaldados cient\u00edficamente,<br \/>\n transformando su cama en un santuario de comodidad y belleza.<\/p>\n<p>Ya sea para darse un capricho o regalar un tesoro de bienestar, este set de sue\u00f1o dice mucho sobre la calidad, la exclusividad y el amor por el cuidado personal.<\/p>\n<p><!-- Call to Action --><\/p>\n<h3 style=\"margin-top: 1.5em; text-align: center;\">\n\u00bfListo para elevar tu sue\u00f1o a una forma de arte?<\/h3>\n<p style=\"text-align: center; font-style: italic; font-size: 1.1em;\">\u00a1Date un capricho a ti mismo o a alguien especial con el delicioso lujo de la seda artesanal espa\u00f1ola! Pida su <strong>Sleep Set . \u00a1Chocolate negro<\/strong> hoy y redescubra la alegr\u00eda de una noche de sue\u00f1o verdaderamente hermosa! \u2728 <\/p>\n<\/div>\n","protected":false},"excerpt":{"rendered":"<div class=\"product-short-description\" style=\"padding: 1em;\">\nDisfrute de la mejor experiencia de sue\u00f1o con nuestro exclusivo<br \/>\nconjunto de sue\u00f1o. Chocolate negro: un conjunto de <strong>edici\u00f3n limitada elaborado con seda<\/strong> de morera 100% natural,<br \/>\n meticulosamente hecha a mano para brindar comodidad de lujo y beneficios de belleza.<\/p>\n<p>\ud83c\uddea\ud83c\uddf8 Hecho en Espa\u00f1a con amor.<\/p>\n<ul class=\"features-list\" style=\"list-style: none; padding: 0; margin-top: 0.5em;\">\n<li style=\"margin-bottom: 0.5em;\"><span class=\"check-icon\" style=\"margin-right: 0.5em;\">\u2713<\/span><strong>Seda de morera 100% natural<\/strong> : hipoalerg\u00e9nica, transpirable y suave para la piel y el cabello.<\/li>\n<li style=\"margin-bottom: 0.5em;\"><span class=\"check-icon\" style=\"margin-right: 0.5em;\">\u2713<\/span><strong>Hecho a mano con cuidado<\/strong> : elaborado por h\u00e1biles artesanos para un acabado \u00fanico y de alta calidad.<\/li>\n<li style=\"margin-bottom: 0.5em;\"><span class=\"check-icon\" style=\"margin-right: 0.5em;\">\u2713<\/span><strong>Beneficios para la piel y el cabello<\/strong> : ayuda a mantener la hidrataci\u00f3n de la piel ya que la seda no absorbe los productos para el cuidado de la piel; Reduce la fricci\u00f3n, el encrespamiento y la rotura del cabello.<\/li>\n<li style=\"margin-bottom: 0.5em;\"><span class=\"check-icon\" style=\"margin-right: 0.5em;\">\u2713<\/span><strong>Perfecto para todos<\/strong> : una opci\u00f3n ideal para mujeres, hombres y ni\u00f1as que buscan una mejor calidad de sue\u00f1o.<\/li>\n<li style=\"margin-bottom: 0.5em;\"><span class=\"check-icon\" style=\"margin-right: 0.5em;\">\u2713<\/span><strong>Tama\u00f1o est\u00e1ndar<\/strong> : funda de almohada t\u00edpicamente de 50&#215;70 cm (a menos que se especifique lo contrario por producto).<\/li>\n<\/ul>\n<\/div>\n","protected":false},"featured_media":8033,"comment_status":"open","ping_status":"closed","template":"","meta":{"_monsterinsights_skip_tracking":false,"_monsterinsights_sitenote_active":false,"_monsterinsights_sitenote_note":"","_monsterinsights_sitenote_category":0},"product_brand":[],"product_cat":[130,129],"product_tag":[],"class_list":{"0":"post-8031","1":"product","2":"type-product","3":"status-publish","4":"has-post-thumbnail","6":"product_cat-almohada","7":"product_cat-juego-de-dormir","8":"yith_product_brand-ginta-levi-es","10":"first","11":"instock","12":"taxable","13":"shipping-taxable","14":"purchasable","15":"product-type-simple"},"aioseo_notices":[],"_links":{"self":[{"href":"https:\/\/gintalevi.com\/es\/wp-json\/wp\/v2\/product\/8031","targetHints":{"allow":["GET"]}}],"collection":[{"href":"https:\/\/gintalevi.com\/es\/wp-json\/wp\/v2\/product"}],"about":[{"href":"https:\/\/gintalevi.com\/es\/wp-json\/wp\/v2\/types\/product"}],"replies":[{"embeddable":true,"href":"https:\/\/gintalevi.com\/es\/wp-json\/wp\/v2\/comments?post=8031"}],"version-history":[{"count":1,"href":"https:\/\/gintalevi.com\/es\/wp-json\/wp\/v2\/product\/8031\/revisions"}],"predecessor-version":[{"id":10012,"href":"https:\/\/gintalevi.com\/es\/wp-json\/wp\/v2\/product\/8031\/revisions\/10012"}],"wp:featuredmedia":[{"embeddable":true,"href":"https:\/\/gintalevi.com\/es\/wp-json\/wp\/v2\/media\/8033"}],"wp:attachment":[{"href":"https:\/\/gintalevi.com\/es\/wp-json\/wp\/v2\/media?parent=8031"}],"wp:term":[{"taxonomy":"product_brand","embeddable":true,"href":"https:\/\/gintalevi.com\/es\/wp-json\/wp\/v2\/product_brand?post=8031"},{"taxonomy":"product_cat","embeddable":true,"href":"https:\/\/gintalevi.com\/es\/wp-json\/wp\/v2\/product_cat?post=8031"},{"taxonomy":"product_tag","embeddable":true,"href":"https:\/\/gintalevi.com\/es\/wp-json\/wp\/v2\/product_tag?post=8031"}],"curies":[{"name":"wp","href":"https:\/\/api.w.org\/{rel}","templated":true}]}}