{"id":8187,"date":"2023-08-11T12:31:39","date_gmt":"2023-08-11T12:31:39","guid":{"rendered":"https:\/\/gintalevi.com\/product\/set-de-rizado-de-seda-natural-sin-calor-4-estaciones\/"},"modified":"2023-08-11T12:31:39","modified_gmt":"2023-08-11T12:31:39","slug":"set-de-rizado-de-seda-natural-sin-calor-4-estaciones","status":"publish","type":"product","link":"https:\/\/gintalevi.com\/es\/producto\/set-de-rizado-de-seda-natural-sin-calor-4-estaciones\/","title":{"rendered":"Set de rizado de seda natural sin calor 4 estaciones"},"content":{"rendered":"<p style=\"margin: 0in; font-family: Calibri; font-size: 11.0pt;\">\u00bfEs posible tener el pelo rizado sin utilizar ning\u00fan rizador de calor?<\/p>\n<p style=\"margin: 0in; font-family: Calibri; font-size: 11.0pt;\">\u00a1Oh, s\u00ed que lo es con nuestro rizador de seda sin calor!<\/p>\n<p style=\"margin: 0in; font-family: Calibri; font-size: 11.0pt;\">El conjunto incluye:<\/p>\n<p style=\"margin: 0in; font-family: Calibri; font-size: 11.0pt;\">*Diadema de seda;<\/p>\n<p style=\"margin: 0in; font-family: Calibri; font-size: 11.0pt;\">*dos coleteros de seda para el pelo;<\/p>\n<p style=\"margin: 0in; font-family: Calibri; font-size: 11.0pt;\">*rodillo para el pelo.<\/p>\n<p style=\"margin: 0in; font-family: Calibri; font-size: 11.0pt;\">C\u00f3mo utilizarlo:<\/p>\n<p style=\"margin: 0in; font-family: Calibri; font-size: 11.0pt;\">Sobre el cabello aproximadamente un 70% h\u00famedo, aplica espuma de peinado de fijaci\u00f3n normal o fuerte y empieza a peinar los rizos con nuestro set. Despu\u00e9s de aplicar la espuma de peinado, aseg\u00farate de cepillarte bien el pelo.<\/p>\n<p style=\"margin: 0in; font-family: Calibri; font-size: 11.0pt;\">Divide tu pelo en dos partes. En el centro de la cabeza, hacia la frente, coloca el rodillo y en el centro de \u00e9ste la diadema de seda. Enrolla el pelo alrededor de la barra rizadora hasta el final y suj\u00e9talo con el coletero de seda incluido. Repite la operaci\u00f3n en el otro lado y anuda los extremos sobre la cabeza.<\/p>\n<p style=\"margin: 0in; font-family: Calibri; font-size: 11.0pt;\">Puedes irte a dormir c\u00f3modamente con este rizador de seda o dejar que tu pelo se seque por completo. Retira la barra y peina f\u00e1cilmente tus rizos naturales por la ma\u00f1ana o por la noche.<\/p>\n<p style=\"margin: 0in; font-family: Calibri; font-size: 11.0pt;\">El material de seda no absorbe la hidrataci\u00f3n del cabello, \u00a1as\u00ed que tendr\u00e1s unos rizos suaves y sin enredos!<\/p>\n<p style=\"margin: 0in; font-family: Calibri; font-size: 11.0pt;\">Como el rizador sin calor est\u00e1 hecho de seda, no te resultar\u00e1 inc\u00f3modo ni pesado y lo mejor es que no da\u00f1a el pelo.<\/p>\n","protected":false},"excerpt":{"rendered":"<p>Es un set perfecto que te ayuda a cuidar tu cabello y es 100% seda.<\/p>\n<p style=\"margin: 0in; font-family: Calibri; font-size: 11.0pt;\">El conjunto incluye:<\/p>\n<p style=\"margin: 0in; font-family: Calibri; font-size: 11.0pt;\">*Diadema de seda;<\/p>\n<p style=\"margin: 0in; font-family: Calibri; font-size: 11.0pt;\">*dos coleteros de seda para el pelo;<\/p>\n<p style=\"margin: 0in; font-family: Calibri; font-size: 11.0pt;\">*rodillo para el pelo.<\/p>\n","protected":false},"featured_media":8209,"comment_status":"open","ping_status":"closed","template":"","meta":{"_monsterinsights_skip_tracking":false,"_monsterinsights_sitenote_active":false,"_monsterinsights_sitenote_note":"","_monsterinsights_sitenote_category":0},"product_brand":[],"product_cat":[132],"product_tag":[],"class_list":{"0":"post-8187","1":"product","2":"type-product","3":"status-publish","4":"has-post-thumbnail","6":"product_cat-rizado-sin-calor","8":"first","9":"instock","10":"taxable","11":"shipping-taxable","12":"purchasable","13":"product-type-variable"},"aioseo_notices":[],"_links":{"self":[{"href":"https:\/\/gintalevi.com\/es\/wp-json\/wp\/v2\/product\/8187","targetHints":{"allow":["GET"]}}],"collection":[{"href":"https:\/\/gintalevi.com\/es\/wp-json\/wp\/v2\/product"}],"about":[{"href":"https:\/\/gintalevi.com\/es\/wp-json\/wp\/v2\/types\/product"}],"replies":[{"embeddable":true,"href":"https:\/\/gintalevi.com\/es\/wp-json\/wp\/v2\/comments?post=8187"}],"version-history":[{"count":0,"href":"https:\/\/gintalevi.com\/es\/wp-json\/wp\/v2\/product\/8187\/revisions"}],"wp:featuredmedia":[{"embeddable":true,"href":"https:\/\/gintalevi.com\/es\/wp-json\/wp\/v2\/media\/8209"}],"wp:attachment":[{"href":"https:\/\/gintalevi.com\/es\/wp-json\/wp\/v2\/media?parent=8187"}],"wp:term":[{"taxonomy":"product_brand","embeddable":true,"href":"https:\/\/gintalevi.com\/es\/wp-json\/wp\/v2\/product_brand?post=8187"},{"taxonomy":"product_cat","embeddable":true,"href":"https:\/\/gintalevi.com\/es\/wp-json\/wp\/v2\/product_cat?post=8187"},{"taxonomy":"product_tag","embeddable":true,"href":"https:\/\/gintalevi.com\/es\/wp-json\/wp\/v2\/product_tag?post=8187"}],"curies":[{"name":"wp","href":"https:\/\/api.w.org\/{rel}","templated":true}]}}