{"id":8262,"date":"2023-08-09T12:30:54","date_gmt":"2023-08-09T12:30:54","guid":{"rendered":"https:\/\/gintalevi.com\/product\/panuelo-de-seda-natural-3-colores-diferentes\/"},"modified":"2023-08-09T12:30:54","modified_gmt":"2023-08-09T12:30:54","slug":"panuelo-de-seda-natural-3-colores-diferentes","status":"publish","type":"product","link":"https:\/\/gintalevi.com\/es\/producto\/panuelo-de-seda-natural-3-colores-diferentes\/","title":{"rendered":"Pa\u00f1uelo de seda natural 3 colores diferentes"},"content":{"rendered":"<p style=\"margin: 0in; font-family: Calibri; font-size: 11.0pt;\">\u00a1Puedes llevar este maravilloso pa\u00f1uelo de seda de muchas maneras!<\/p>\n<p style=\"margin: 0in; font-family: Calibri; font-size: 11.0pt;\">En primer lugar, puede utilizarse como un detalle extraordinario para tu atuendo, por ejemplo, puedes atarlo a un bolso o a unos vaqueros, \u00a1o incluso a tu pelo!<\/p>\n<p style=\"margin: 0in; font-family: Calibri; font-size: 11.0pt;\">Este producto es adecuado para utilizarlo durante la estaci\u00f3n fr\u00eda para calentarte el cuello, y tambi\u00e9n durante la estaci\u00f3n c\u00e1lida para proteger tu pelo de los rayos UV.<\/p>\n<p style=\"margin: 0in; font-family: Calibri; font-size: 11.0pt;\">Es sorprendente c\u00f3mo un producto puede utilizarse de tantas formas distintas, ya que el material de seda ayuda a regular la temperatura corporal y a mantener la hidrataci\u00f3n del cuerpo y la piel.<\/p>\n","protected":false},"excerpt":{"rendered":"<p>100% seda natural .<\/p>\n<p>Una buena elecci\u00f3n para diferentes ocasiones.<\/p>\n<p>El tama\u00f1o es de 65 x 66 cm.<\/p>\n","protected":false},"featured_media":8285,"comment_status":"open","ping_status":"closed","template":"","meta":{"_monsterinsights_skip_tracking":false,"_monsterinsights_sitenote_active":false,"_monsterinsights_sitenote_note":"","_monsterinsights_sitenote_category":0},"product_brand":[],"product_cat":[134],"product_tag":[],"class_list":{"0":"post-8262","1":"product","2":"type-product","3":"status-publish","4":"has-post-thumbnail","6":"product_cat-bufanda","8":"first","9":"instock","10":"taxable","11":"shipping-taxable","12":"purchasable","13":"product-type-variable"},"aioseo_notices":[],"_links":{"self":[{"href":"https:\/\/gintalevi.com\/es\/wp-json\/wp\/v2\/product\/8262","targetHints":{"allow":["GET"]}}],"collection":[{"href":"https:\/\/gintalevi.com\/es\/wp-json\/wp\/v2\/product"}],"about":[{"href":"https:\/\/gintalevi.com\/es\/wp-json\/wp\/v2\/types\/product"}],"replies":[{"embeddable":true,"href":"https:\/\/gintalevi.com\/es\/wp-json\/wp\/v2\/comments?post=8262"}],"version-history":[{"count":0,"href":"https:\/\/gintalevi.com\/es\/wp-json\/wp\/v2\/product\/8262\/revisions"}],"wp:featuredmedia":[{"embeddable":true,"href":"https:\/\/gintalevi.com\/es\/wp-json\/wp\/v2\/media\/8285"}],"wp:attachment":[{"href":"https:\/\/gintalevi.com\/es\/wp-json\/wp\/v2\/media?parent=8262"}],"wp:term":[{"taxonomy":"product_brand","embeddable":true,"href":"https:\/\/gintalevi.com\/es\/wp-json\/wp\/v2\/product_brand?post=8262"},{"taxonomy":"product_cat","embeddable":true,"href":"https:\/\/gintalevi.com\/es\/wp-json\/wp\/v2\/product_cat?post=8262"},{"taxonomy":"product_tag","embeddable":true,"href":"https:\/\/gintalevi.com\/es\/wp-json\/wp\/v2\/product_tag?post=8262"}],"curies":[{"name":"wp","href":"https:\/\/api.w.org\/{rel}","templated":true}]}}