{"id":7529,"date":"2021-05-12T08:57:15","date_gmt":"2021-05-12T08:57:15","guid":{"rendered":"https:\/\/gintalevi.com\/pageidavimu-sarasas\/"},"modified":"2024-05-23T17:32:02","modified_gmt":"2024-05-23T17:32:02","slug":"pageidavimu-sarasas","status":"publish","type":"page","link":"https:\/\/gintalevi.com\/lt\/pageidavimu-sarasas\/","title":{"rendered":"Pageidavim\u0173 s\u0105ra\u0161as"},"content":{"rendered":"<p>[la_wishlist]<\/p>","protected":false},"excerpt":{"rendered":"","protected":false},"author":1,"featured_media":0,"parent":0,"menu_order":0,"comment_status":"closed","ping_status":"closed","template":"","meta":{"_monsterinsights_skip_tracking":false,"_monsterinsights_sitenote_active":false,"_monsterinsights_sitenote_note":"","_monsterinsights_sitenote_category":0,"footnotes":""},"class_list":["post-7529","page","type-page","status-publish","hentry"],"aioseo_notices":[],"_links":{"self":[{"href":"https:\/\/gintalevi.com\/lt\/wp-json\/wp\/v2\/pages\/7529","targetHints":{"allow":["GET"]}}],"collection":[{"href":"https:\/\/gintalevi.com\/lt\/wp-json\/wp\/v2\/pages"}],"about":[{"href":"https:\/\/gintalevi.com\/lt\/wp-json\/wp\/v2\/types\/page"}],"author":[{"embeddable":true,"href":"https:\/\/gintalevi.com\/lt\/wp-json\/wp\/v2\/users\/1"}],"replies":[{"embeddable":true,"href":"https:\/\/gintalevi.com\/lt\/wp-json\/wp\/v2\/comments?post=7529"}],"version-history":[{"count":1,"href":"https:\/\/gintalevi.com\/lt\/wp-json\/wp\/v2\/pages\/7529\/revisions"}],"predecessor-version":[{"id":7530,"href":"https:\/\/gintalevi.com\/lt\/wp-json\/wp\/v2\/pages\/7529\/revisions\/7530"}],"wp:attachment":[{"href":"https:\/\/gintalevi.com\/lt\/wp-json\/wp\/v2\/media?parent=7529"}],"curies":[{"name":"wp","href":"https:\/\/api.w.org\/{rel}","templated":true}]}}