{"id":7546,"date":"2024-05-02T15:15:18","date_gmt":"2024-05-02T15:15:18","guid":{"rendered":"https:\/\/gintalevi.com\/taisykles-ir-salygos\/"},"modified":"2024-05-23T17:32:06","modified_gmt":"2024-05-23T17:32:06","slug":"taisykles-ir-salygos","status":"publish","type":"page","link":"https:\/\/gintalevi.com\/lt\/taisykles-ir-salygos\/","title":{"rendered":"Taisykl\u0117s ir s\u0105lygos"},"content":{"rendered":"<h1 class=\"wp-block-heading\"><strong>GINTA LEVI bendrosios s\u0105lygos<\/strong><\/h1><p><strong><br\/><br\/>Prie\u0161 pirkdami atid\u017eiai jas perskaitykite. U\u017esakymo pateikimas rei\u0161kia, kad sutinkate su \u0161iomis Taisykl\u0117mis ir s\u0105lygomis.<br\/><\/strong> <\/p><p>&#8222;Ginta Levi&#8221; bendrosios s\u0105lygos taikomos tik &#8222;Ginta Levi&#8221; internetin\u0117je parduotuv\u0117je sudarytoms sutartims (kalbant apie &#8222;Ginta Levi&#8221;, prie\u0161 \u012fsigydami bet kok\u012f gamin\u012f, tur\u0117tum\u0117te atid\u017eiai perskaityti \u0161ias Bendr\u0105sias s\u0105lygas, nes jose pateikiama svarbi informacija apie gamin\u012f).<\/p><p>Pateikdami u\u017esakym\u0105 sutinkate laikytis \u0161i\u0173 s\u0105lyg\u0173 ir nuostat\u0173.<\/p><p><strong>1: klient\u0173 aptarnavimas<\/strong><\/p><p>Jei turite klausim\u0173 apie pirkimo proces\u0105 arba u\u017esakym\u0105, kreipkit\u0117s \u012f &#8222;Ginta Levi&#8221; klient\u0173 aptarnavimo skyri\u0173:<\/p><p><strong>2. Informacija apie gamin\u012f ir jo prieinamum\u0105<\/strong><\/p><p>2.1 Mes imam\u0117s pagr\u012fst\u0173 atsargumo priemoni\u0173, kad u\u017etikrintume, jog gamini\u0173 apra\u0161ymai ir nuotraukos b\u016bt\u0173 tiksl\u016bs ir naujausi. Tikrosios spalvos, kurias matote kompiuteryje, gali skirtis priklausomai nuo naudojamo monitoriaus. Tod\u0117l galime garantuoti, kad matom\u0173 produkt\u0173 nuotraukos tiksliai atspindi produktus.<\/p><p>2.2 laikotarpiais, kai paklausa yra gerokai didesn\u0117, o atsargos ma\u017eesn\u0117s, pavyzd\u017eiui, per sezoninius i\u0161pardavimus, kyla rizika, kad preki\u0173 gali pritr\u016bkti.<\/p><p><strong>3. u\u017esakymo procesas<\/strong><\/p><p>3.1 u\u017esakym\u0105 galite pateikti internetu per svetain\u0119 arba telefonu susisiek\u0119 su m\u016bs\u0173 klient\u0173 aptarnavimo tarnyba.<\/p><p>3.2 garantuojate, kad j\u016bs\u0173 u\u017esakyme pateikta asmenin\u0117 ir mok\u0117jimo informacija visais at\u017evilgiais yra tiksli, aktuali ir i\u0161sami.<\/p><p>3.3 Kai j\u016bs\u0173 u\u017esakymas pas mus bus baigtas internetu, i\u0161si\u0173sime jums el. lai\u0161k\u0105, kuriuo patvirtinsime, kad gavome j\u016bs\u0173 u\u017esakym\u0105, pateiksime i\u0161sami\u0105 informacij\u0105 apie j\u016bs\u0173 u\u017esakytus produktus ir u\u017esakymo numer\u012f. Atkreipkite d\u0117mes\u012f, kad tik gav\u0119 apmok\u0117jim\u0105 u\u017e j\u016bs\u0173 u\u017esakym\u0105 j\u012f patvirtinsime.<\/p><p>3.4 J\u016bs\u0173 u\u017esakymas gali b\u016bti at\u0161auktas d\u0117l bet kokios prie\u017easties m\u016bs\u0173 nuo\u017ei\u016bra, ta\u010diau paprastai d\u0117l \u0161i\u0173 prie\u017eas\u010di\u0173:<\/p><p>3.4.1 preki\u0173 n\u0117ra.<\/p><p>3.4.2 mes negalime gauti j\u016bs\u0173 mok\u0117jimo autorizacijos;<\/p><p>3.4.3 mes suklydome nurodydami produkt\u0173 kain\u0105 ar apra\u0161ym\u0105;<\/p><p><strong>4. Siuntimas ir pristatymas<\/strong><\/p><p>4.1 Jei u\u017esakym\u0105 pateikiate iki 16.00 val., mes j\u012f \u012fvykdysime t\u0105 pa\u010di\u0105 dien\u0105.<\/p><p>4.2 J\u016bs\u0173 u\u017esakymas bus i\u0161si\u0173stas pa\u0161tu arba TNT, nebent susitarta kitaip. Prek\u0117s pristatomos per 3-5 darbo dienas.<\/p><p>4.3 I\u0161laidos d\u0117l neteisingos informacijos gali b\u016bti perkeltos klientui. &#8222;Ginta Levi&#8221; neatsako u\u017e v\u0117lavim\u0105 ar kitus nepatogumus, kuriuos klientas patiria d\u0117l neteisingai nurodyto adreso.<\/p><p>4.4. &#8222;Ginta Levi&#8221; nedelsdama informuos klient\u0105, jei kils problem\u0173 su atitinkamu pristatymu. Jei &#8222;Ginta Levi&#8221; atsisako sutarties, klientui nedelsiant gr\u0105\u017einamas sumok\u0117tas mokestis.<\/p><p>4.5 Siuntimo i\u0161laidos<\/p><p>Standartinio pristatymo (3-5 darbo dienos) pristatymo i\u0161laidos priklauso nuo j\u016bs\u0173 adreso.<\/p><p><strong>5. Gr\u0105\u017einimas, keitimas ir pinig\u0173 gr\u0105\u017einimas<\/strong><\/p><p>5.1 Klientas turi teis\u0119 gr\u0105\u017einti prek\u0119 nenurodydamas prie\u017eas\u010di\u0173 per 14 dien\u0173 gr\u0105\u017einimo termin\u0105. Gr\u0105\u017einimo laikotarpis prasideda gavus gaminius. Apie gr\u0105\u017einim\u0105 ar keitim\u0105 prane\u0161kite mums el. pa\u0161tu arba telefonu. \u012esitikinkite, kad pateikiate ai\u0161k\u0173 parei\u0161kim\u0105, kuriame nurodote, kad norite gr\u0105\u017einti prekes, u\u017esakymo numer\u012f ir i\u0161sami\u0105 informacij\u0105 apie prekes, kurias norite gr\u0105\u017einti. Gr\u0105\u017einimo i\u0161laidas padengs klientas.<\/p><p>Preki\u0173 siunta ir pra\u0161ymas gr\u0105\u017einti pinigus turi b\u016bti siun\u010diami adresu:<\/p><p>Atlikite \u0161iuos veiksmus:<\/p><p>Si\u0173skite mums el. lai\u0161k\u0105 ( info@gintalevi.com ) ir nurodykite \u0161i\u0105 informacij\u0105:<\/p><p>&#8211; u\u017esakymo numeris ir produkto, kur\u012f norite gr\u0105\u017einti, nuoroda.<\/p><p>&#8211; Gr\u0105\u017einimo prie\u017eastis<\/p><p>5.2 Prek\u0117s turi b\u016bti gr\u0105\u017einamos originalios, nenaudotos (su originalia pakuote), su visomis etiket\u0117mis. Jei etiket\u0117s ar etiket\u0117s pa\u0161alintos, produktai laikomi naudotais.<\/p><p>5.3 Kai gr\u0105\u017einate gaminius, kuriems gavote nuolaid\u0105 arba special\u0173 pasi\u016blym\u0105, \u0161i nuolaida ir (arba) pasi\u016blymas nebetaikomi, jei jie nevir\u0161ija nuolaidos ribos (pvz., perkant kelis gaminius), o gr\u0105\u017einama suma bus atitinkamai pakoreguota. . Bet koki\u0105 nemokam\u0105 reklamin\u0119 dovan\u0105, gaut\u0105 kartu su u\u017esakymu, taip pat reik\u0117s gr\u0105\u017einti kartu su likusiais produktais, jei nor\u0117site gr\u0105\u017einti prekes, su kuriomis buvo susijusi min\u0117ta dovana.<\/p><p>5.4 J\u016bs\u0173 teis\u0117 gr\u0105\u017einti u\u017esakym\u0105 netaikoma tam tikr\u0173 r\u016b\u0161i\u0173 produktams, pvz:<\/p><p>5.4.1 Personalizuoti daiktai arba gaminiai, pagaminti pagal j\u016bs\u0173 specifikacijas;<\/p><p>5.4.2 Apatini\u0173 drabu\u017ei\u0173 negalima gr\u0105\u017einti d\u0117l higienos prie\u017eas\u010di\u0173.<\/p><p><strong>6. Mok\u0117jimo b\u016bdai<\/strong><\/p><p>Priimame \u0161iuos mok\u0117jimo b\u016bdus:<\/p><p>Kreditine kortele (Visa \/ Mastercard), &#8222;PayPal&#8221; ir i\u0161ankstiniu mok\u0117jimu (banko pavedimu). Mes nepriimame mok\u0117jim\u0173 telefonu, pavedimu ar grynaisiais pinigais.<\/p><p>&#8222;Ginta Levi&#8221; teikia didel\u0119 reik\u0161m\u0119 duomen\u0173 saugumui. Visi asmens duomenys saugomi saugiai ir konfidencialiai &#8222;Ginta Levi&#8221; serveriuose, laikantis atitinkam\u0173 teisini\u0173 nuostat\u0173. Kad j\u016bs\u0173 duomenys b\u016bt\u0173 saug\u016bs, internetiniai duomenys saugomi pa\u017eangiais \u0161ifravimo metodais, \u012fskaitant saug\u0173j\u012f lizd\u0173 sluoksn\u012f (SSL). SSL yra pripa\u017eintas standartinis protokolas, kuriuo u\u017etikrinamas saugus keitimasis duomenimis.<\/p><p>Visi mok\u0117jimai atliekami ta valiuta, kuria atliekamas pirkimas.<\/p><p><\/p><p><strong>7. Kain\u0173 politika<\/strong><\/p><p>7.1 Visos svetain\u0117je nurodytos kainos yra su PVM. Kainos gali keistis, o pasi\u016blymai gali b\u016bti bet kada at\u0161aukti.<\/p><p>7.2 Nors stengiam\u0117s u\u017etikrinti, kad visos svetain\u0117je pateikiamos kainos b\u016bt\u0173 tikslios, kartais gali pasitaikyti klaid\u0173. Jei pasteb\u0117sime, kad j\u016bs\u0173 u\u017esakytos prek\u0117s kaina yra klaidinga, kuo grei\u010diau su jumis susisieksime. Tur\u0117site galimyb\u0119 dar kart\u0105 patvirtinti u\u017esakym\u0105 teisinga kaina, o to nepadarius u\u017esakymas bus at\u0161auktas.<\/p><p><strong>8. Saugumas ir privatumas<\/strong><\/p><p>8.1 &#8222;Ginta Levi&#8221; gerbia j\u016bs\u0173 privatum\u0105 ir pripa\u017e\u012fsta j\u016bs\u0173 susir\u016bpinim\u0105 d\u0117l to, kaip tvarkoma ir dalijamasi j\u016bs\u0173 asmenine informacija. Esame \u012fsipareigoj\u0119 u\u017etikrinti visi\u0161k\u0105 j\u016bs\u0173 pasitik\u0117jim\u0105 ir pasitenkinim\u0105 tuo, kaip naudojame j\u016bs\u0173 informacij\u0105. Asmens duomen\u0173 apsauga &#8211; tai pasitik\u0117jimo klausimas, o j\u016bs\u0173 pasitik\u0117jimas mums labai svarbus. Gerbiame j\u016bs\u0173 intymum\u0105 ir privatum\u0105. Tod\u0117l j\u016bs\u0173 asmens duomen\u0173 apsauga, rinkimas, tvarkymas ir naudojimas mums yra itin svarbus klausimas. Kad lankydamiesi m\u016bs\u0173 svetain\u0117je jaustum\u0117t\u0117s saug\u016bs, tvarkydami j\u016bs\u0173 asmens duomenis grie\u017etai laikom\u0117s teisini\u0173 nuostat\u0173.<\/p><p>8.2 &#8222;Ginta Levi&#8221; yra saugi vieta apsipirkti. M\u016bs\u0173 mok\u0117jimams naudojama SSL (Secure Socket Layer) technologija, kad b\u016bt\u0173 apsaugota j\u016bs\u0173 kredito kortel\u0117s informacija, o perduodamiems duomenims apsaugoti naudojamas \u0161ifravimas. Mes niekada neperduosime j\u016bs\u0173 kredito kortel\u0117s numerio el. pa\u0161tu.<\/p>","protected":false},"excerpt":{"rendered":"<p>GINTA LEVI bendrosios s\u0105lygos Prie\u0161 pirkdami atid\u017eiai jas perskaitykite. U\u017esakymo pateikimas rei\u0161kia, kad sutinkate su \u0161iomis Taisykl\u0117mis ir s\u0105lygomis. &#8222;Ginta Levi&#8221; bendrosios s\u0105lygos taikomos tik &#8222;Ginta Levi&#8221; internetin\u0117je parduotuv\u0117je sudarytoms sutartims (kalbant apie &#8222;Ginta Levi&#8221;, prie\u0161 \u012fsigydami bet kok\u012f gamin\u012f, tur\u0117tum\u0117te atid\u017eiai perskaityti \u0161ias Bendr\u0105sias s\u0105lygas, nes jose pateikiama svarbi informacija apie gamin\u012f). Pateikdami u\u017esakym\u0105 [&hellip;]<\/p>\n","protected":false},"author":1,"featured_media":0,"parent":0,"menu_order":0,"comment_status":"closed","ping_status":"closed","template":"","meta":{"_monsterinsights_skip_tracking":false,"_monsterinsights_sitenote_active":false,"_monsterinsights_sitenote_note":"","_monsterinsights_sitenote_category":0,"footnotes":""},"class_list":["post-7546","page","type-page","status-publish","hentry"],"aioseo_notices":[],"_links":{"self":[{"href":"https:\/\/gintalevi.com\/lt\/wp-json\/wp\/v2\/pages\/7546","targetHints":{"allow":["GET"]}}],"collection":[{"href":"https:\/\/gintalevi.com\/lt\/wp-json\/wp\/v2\/pages"}],"about":[{"href":"https:\/\/gintalevi.com\/lt\/wp-json\/wp\/v2\/types\/page"}],"author":[{"embeddable":true,"href":"https:\/\/gintalevi.com\/lt\/wp-json\/wp\/v2\/users\/1"}],"replies":[{"embeddable":true,"href":"https:\/\/gintalevi.com\/lt\/wp-json\/wp\/v2\/comments?post=7546"}],"version-history":[{"count":1,"href":"https:\/\/gintalevi.com\/lt\/wp-json\/wp\/v2\/pages\/7546\/revisions"}],"predecessor-version":[{"id":7547,"href":"https:\/\/gintalevi.com\/lt\/wp-json\/wp\/v2\/pages\/7546\/revisions\/7547"}],"wp:attachment":[{"href":"https:\/\/gintalevi.com\/lt\/wp-json\/wp\/v2\/media?parent=7546"}],"curies":[{"name":"wp","href":"https:\/\/api.w.org\/{rel}","templated":true}]}}