{"id":7670,"date":"2024-04-27T14:36:40","date_gmt":"2024-04-27T14:36:40","guid":{"rendered":"https:\/\/gintalevi.com\/product\/naturalaus-silko-plauku-juosta\/"},"modified":"2025-06-09T20:17:08","modified_gmt":"2025-06-09T18:17:08","slug":"naturalaus-silko-plauku-juosta","status":"publish","type":"product","link":"https:\/\/gintalevi.com\/lt\/produktas\/naturalaus-silko-plauku-juosta\/","title":{"rendered":"Nat\u016bralaus \u0161ilko plauk\u0173 juosta"},"content":{"rendered":"<div class=\"product-long-description\" style=\"padding: 1em;\">\n<h3>Produkto ap\u017evalga<\/h3>\n<p>\u017denkite \u012f \u017eaismingos elegancijos pasaul\u012f su <strong>nat\u016bralaus \u0161ilko plauk\u0173 juosta 2 Nat\u016bralaus \u0161ilko seta plauk\u0173 juosta!<\/strong><br \/>\nSu meile rankomis Ispanijoje i\u0161 auk\u0161\u010diausios kokyb\u0117s 100 % nat\u016bralaus \u0161ilkopagaminta juosta yra unikalus,<br \/>\nriboto leidimo aksesuaras, spinduliuojantis aistr\u0105 ir precizi\u0161kum\u0105.<\/p>\n<p>Jis ne tik suteikia j\u016bs\u0173 plaukams rafinuot\u0105 stili\u0173, bet ir puosel\u0117ja kiekvien\u0105 j\u0173 sruog\u0105, panaudodamas nuostabias nat\u016bralias gryno \u0161ilko savybes . Atsisveikinkite su l\u016b\u017ein\u0117jimu ir pasveikinkite laimingus plaukus! <\/p>\n<p><!-- Features & Benefits --><\/p>\n<h3 style=\"margin-top: 1.5em;\">Funkcijos ir privalumai<\/h3>\n<ul class=\"features-list\" style=\"list-style: none; padding: 0;\">\n<li style=\"margin-bottom: 0.5em;\"><span class=\"check-icon\" style=\"margin-right: 0.5em;\">\u2713<\/span><strong>Grynas nat\u016bralus \u0161ilkas:<\/strong> M\u0117gaukit\u0117s prabangiu prisilietimu, nat\u016braliu blizgesiu ir ne\u012ftik\u0117tinu \u0161velnumu , kur\u012f suteikia tik tikras \u0161ilkas. J\u016bs\u0173 plaukai jums pad\u0117kos! <\/li>\n<li style=\"margin-bottom: 0.5em;\"><span class=\"check-icon\" style=\"margin-right: 0.5em;\">\u2713<\/span><strong>Rank\u0173 darbo meistri\u0161kumas:<\/strong> \ud83c\uddea\ud83c\uddf8 Su meile rankomis gamina talentingi Ispanijos amatininkai, u\u017etikrindami neprilygstam\u0105 kokyb\u0119, charakter\u012f ir d\u0117mes\u012f kiekvienai detalei . Pagaminta Ispanijoje su meile! <\/li>\n<li style=\"margin-bottom: 0.5em;\"><span class=\"check-icon\" style=\"margin-right: 0.5em;\">\u2713<\/span><strong>Ribotas leidimas:<\/strong> J\u016bs\u0173 aksesuaras bus toks pat unikalus ir ypatingas kaip ir j\u016bs. Nepraleiskite progos! <\/li>\n<li style=\"margin-bottom: 0.5em;\"><span class=\"check-icon\" style=\"margin-right: 0.5em;\">\u2713<\/span><strong>Galutin\u0117 plauk\u0173 prie\u017ei\u016bra:<\/strong> \u0160ilko glotnus pavir\u0161ius suma\u017eina trint\u012f, tod\u0117l plaukai ma\u017eiau l\u016b\u017ein\u0117ja, skilin\u0117ja galiukai, susipainioja ir suma\u017e\u0117ja erzinan\u010dios kuoduko rauk\u0161l\u0117s . Puikiai tinka vis\u0173 tip\u0173 plaukams, \u012fskaitant \u0161velnius ar apdorotus plaukus. <\/li>\n<li style=\"margin-bottom: 0.5em;\"><span class=\"check-icon\" style=\"margin-right: 0.5em;\">\u2713<\/span><strong>Universalus stilius:<\/strong> Lengvai i\u0161ry\u0161kina bet kok\u012f \u012fvaizd\u012f : nuo atsitiktinio kuoduko ar kuodo iki rafinuoto vakarinio stiliaus. Puikiai tinka kasdieniam ne\u0161iojimui, treniruot\u0117ms ar ypatingoms progoms. <\/li>\n<\/ul>\n<p><!-- Premium Gift Packaging Section --><\/p>\n<h3 style=\"margin-top: 1.5em;\">Auk\u0161\u010diausios kokyb\u0117s dovan\u0173 pakuot\u0117<\/h3>\n<p>Ar esate pasiruo\u0161\u0119 k\u0105 nors (arba save) nustebinti?<br \/>\nM\u016bs\u0173 stulbinanti auk\u0161\u010diausios kokyb\u0117s dovan\u0173 d\u0117\u017eut\u0117, pripildyta nepakartojamo ispani\u0161ko stiliaus,<br \/>\npaver\u010dia \u0161i\u0105 nuostabi\u0105 plauk\u0173 juost\u0105 nepamir\u0161tama dovana bet kokiai \u0161ventei .<br \/>\nTai elegancija, supakuota \u012f d\u0117\u017eut\u0119! Per\u017ei\u016br\u0117kite m\u016bs\u0173 nuostabi\u0173 dovan\u0173 d\u0117\u017eu\u010di\u0173 nuotraukas toliau: <\/p>\n<div class=\"gift-images\" style=\"margin: 1em 0; display: flex; flex-wrap: wrap; gap: 10px;\"><img decoding=\"async\" style=\"max-width: 48%; height: auto; min-width: 200px;\" src=\"https:\/\/gintalevi.com\/wp-content\/uploads\/2023\/11\/IMG_1960_levels-scaled.jpg\" alt=\"Auk\u0161\u010diausios kokyb\u0117s ro\u017ein\u0117 \"GintaLevi\" dovan\u0173 d\u0117\u017eut\u0117\"><br \/>\n<img decoding=\"async\" style=\"max-width: 48%; height: auto; min-width: 200px;\" src=\"https:\/\/gintalevi.com\/wp-content\/uploads\/2023\/06\/IMG_1962_levels-2048x1365.jpg\" alt=\"Auk\u0161\u010diausios kokyb\u0117s \" GintaLevi\" \u0161ilko skarel\u0117s pakuot\u0117\"><\/div>\n<p><!-- Care Instructions --><\/p>\n<h3 style=\"margin-top: 1.5em;\">Prie\u017ei\u016bros instrukcijos<\/h3>\n<p>I\u0161laikykite savo <strong>nat\u016bralaus \u0161ilko plauk\u0173 juost\u0105 &#8222;Natural Silk Hair Band 2&#8221;<\/strong>, kad ji ilgus metus atrodyt\u0173 nuostabiai: <\/p>\n<ol style=\"padding-left: 20px;\">\n<li style=\"margin-bottom: 0.5em;\">\u0160velniai skalbkite rankomis \u0161altame vandenyje (ne auk\u0161tesn\u0117je kaip 30 \u00b0C temperat\u016broje) , naudodami \u0161velni\u0105, \u0161ilkui nekenksming\u0105 skalbimo priemon\u0119.<\/li>\n<li style=\"margin-bottom: 0.5em;\">Nespauskite ir nesukite. \u0160velniai i\u0161spauskite vandens pertekli\u0173. <\/li>\n<li style=\"margin-bottom: 0.5em;\">D\u017eiovinkite lygiai ant rank\u0161luos\u010dio, atokiau nuo tiesiogini\u0173 saul\u0117s spinduli\u0173 ar kar\u0161\u010dio. Venkite d\u017eiovinti ma\u0161inoje! <\/li>\n<li style=\"margin-bottom: 0.5em;\">Jei reikia, \u0161iek tiek dr\u0117gn\u0105 atvirk\u0161tin\u0119 pus\u0119 lyginkite ant \u017eemo re\u017eimo (\u0161ilko nustatymas) .<\/li>\n<\/ol>\n<p><!-- Why Choose Natural Silk Hair Band 2? --><\/p>\n<h3 style=\"margin-top: 1.5em;\">Kod\u0117l verta rinktis nat\u016bralaus \u0161ilko plauk\u0173 juost\u0105 2?<\/h3>\n<p>Nes nusipeln\u0117te kasdien\u0117s prabangos, kuri taip pat ne\u012ftik\u0117tinai tausoja j\u016bs\u0173 plaukus!<br \/>\n<strong>Nat\u016bralaus \u0161ilko plauk\u0173 juosta &#8222;Natural Silk Hair Band 2<\/strong> Natural Silk Seta Hair Band&#8221; n\u0117ra tik aksesuaras;<br \/>\ntai investicija \u012f j\u016bs\u0173 plauk\u0173 sveikat\u0105 ir asmenin\u012f stili\u0173.<\/p>\n<p>Jame dera \u017eaismingas ispani\u0161kas \u017eavesys (\ud83c\uddea\ud83c\uddf8 Made with love!) ir rafinuota elegancija,<br \/>\nsuma\u017eina pa\u017eeidimus ir garbanas, o j\u016bs\u0173 \u012fvaizd\u017eiui suteikia **sveik\u0173 m\u0117lyn\u0173 atspalvi\u0173** .<\/p>\n<p>Nesvarbu, ar lepinate save, ar dovanojate brangenyb\u0119, \u0161i juosta byloja apie kokyb\u0119, i\u0161skirtinum\u0105 ir meil\u0119 gra\u017eiems daiktams.<\/p>\n<p><!-- Call to Action --><\/p>\n<h3 style=\"margin-top: 1.5em; text-align: center;\">Ar esate pasiruo\u0161\u0119 \u0161ilko magijos prisilietimui?<\/h3>\n<p style=\"text-align: center; font-style: italic; font-size: 1.1em;\">Dovanokite sau ar kitam ypatingam \u017emogui nuostabi\u0105 ispani\u0161ko \u0161ilko prabang\u0105! U\u017esisakykite <strong>nat\u016bralaus \u0161ilko plauk\u0173 juost\u0105 2 Nat\u016bralaus \u0161ilko seta plauk\u0173 juosta<\/strong> \u0161iandien ir pagerinkite savo stili\u0173 bei palepinkite plaukus! \u2728 <\/p>\n<\/div>\n","protected":false},"excerpt":{"rendered":"<div class=\"product-short-description\" style=\"padding: 1em;\">\n<h5>Nat\u016bralaus \u0161ilko plauk\u0173 juosta 2<\/h5>\n<p>Pagerinkite savo i\u0161vaizd\u0105 su m\u016bs\u0173 i\u0161skirtine<br \/>\nnat\u016bralaus \u0161ilko plauk\u0173 juosta 2 &#8211;<strong> riboto leidimo<\/strong> aksesuaru, pagamintu i\u0161 100 % nat\u016bralaus \u0161ilko<br \/>\nir kruop\u0161\u010diai pagamintu rankomis, kad b\u016bt\u0173 maksimaliai prabangus ir funkcionalus.<br \/>\n\ud83c\uddea\ud83c\uddf8 Pagaminta Ispanijoje su meile.<\/p>\n<ul class=\"features-list\" style=\"list-style: none; padding: 0; margin-top: 0.5em;\">\n<li style=\"margin-bottom: 0.5em;\"><span class=\"check-icon\" style=\"margin-right: 0.5em;\">\u2713<\/span><strong>100 % nat\u016bralus \u0161ilkas<\/strong> &#8211; nat\u016braliai \u0161velnus, apsaugo nuo l\u016b\u017ein\u0117jimo ir suteikia blizgesio.<\/li>\n<li style=\"margin-bottom: 0.5em;\"><span class=\"check-icon\" style=\"margin-right: 0.5em;\">\u2713<\/span><strong>Rank\u0173 darbo, kruop\u0161\u010diai pagamintas<\/strong> &#8211; pagamintas kvalifikuot\u0173 amatinink\u0173.<\/li>\n<li style=\"margin-bottom: 0.5em;\"><span class=\"check-icon\" style=\"margin-right: 0.5em;\">\u2713<\/span><strong>Ribotas tira\u017eas<\/strong> &#8211; unikalus, i\u0161skirtinis dizainas, kaip ir j\u016bs.<\/li>\n<li style=\"margin-bottom: 0.5em;\"><span class=\"check-icon\" style=\"margin-right: 0.5em;\">\u2713<\/span><strong>Draugi\u0161kas plaukams<\/strong> &#8211; suma\u017eina trint\u012f, suma\u017eina rauk\u0161les ir garbanas.<\/li>\n<\/ul>\n<\/div>\n","protected":false},"featured_media":7672,"comment_status":"open","ping_status":"closed","template":"","meta":{"_monsterinsights_skip_tracking":false,"_monsterinsights_sitenote_active":false,"_monsterinsights_sitenote_note":"","_monsterinsights_sitenote_category":0},"product_brand":[],"product_cat":[117],"product_tag":[],"class_list":{"0":"post-7670","1":"product","2":"type-product","3":"status-publish","4":"has-post-thumbnail","6":"product_cat-skraistes","7":"yith_product_brand-ginta-levi","9":"first","10":"instock","11":"taxable","12":"shipping-taxable","13":"purchasable","14":"product-type-simple"},"aioseo_notices":[],"_links":{"self":[{"href":"https:\/\/gintalevi.com\/lt\/wp-json\/wp\/v2\/product\/7670","targetHints":{"allow":["GET"]}}],"collection":[{"href":"https:\/\/gintalevi.com\/lt\/wp-json\/wp\/v2\/product"}],"about":[{"href":"https:\/\/gintalevi.com\/lt\/wp-json\/wp\/v2\/types\/product"}],"replies":[{"embeddable":true,"href":"https:\/\/gintalevi.com\/lt\/wp-json\/wp\/v2\/comments?post=7670"}],"version-history":[{"count":2,"href":"https:\/\/gintalevi.com\/lt\/wp-json\/wp\/v2\/product\/7670\/revisions"}],"predecessor-version":[{"id":9912,"href":"https:\/\/gintalevi.com\/lt\/wp-json\/wp\/v2\/product\/7670\/revisions\/9912"}],"wp:featuredmedia":[{"embeddable":true,"href":"https:\/\/gintalevi.com\/lt\/wp-json\/wp\/v2\/media\/7672"}],"wp:attachment":[{"href":"https:\/\/gintalevi.com\/lt\/wp-json\/wp\/v2\/media?parent=7670"}],"wp:term":[{"taxonomy":"product_brand","embeddable":true,"href":"https:\/\/gintalevi.com\/lt\/wp-json\/wp\/v2\/product_brand?post=7670"},{"taxonomy":"product_cat","embeddable":true,"href":"https:\/\/gintalevi.com\/lt\/wp-json\/wp\/v2\/product_cat?post=7670"},{"taxonomy":"product_tag","embeddable":true,"href":"https:\/\/gintalevi.com\/lt\/wp-json\/wp\/v2\/product_tag?post=7670"}],"curies":[{"name":"wp","href":"https:\/\/api.w.org\/{rel}","templated":true}]}}