{"id":7699,"date":"2024-04-27T14:11:08","date_gmt":"2024-04-27T14:11:08","guid":{"rendered":"https:\/\/gintalevi.com\/product\/naturalaus-silko-plauku-juosta-balta-maza\/"},"modified":"2025-06-09T20:26:11","modified_gmt":"2025-06-09T18:26:11","slug":"naturalaus-silko-plauku-juosta-balta-maza","status":"publish","type":"product","link":"https:\/\/gintalevi.com\/lt\/produktas\/naturalaus-silko-plauku-juosta-balta-maza\/","title":{"rendered":"Nat\u016bralaus \u0161ilko plauk\u0173 juosta Balta ma\u017ea"},"content":{"rendered":"<h3>Produkto ap\u017evalga<\/h3>\n<p>\u017denkite \u012f \u017eaismingos elegancijos pasaul\u012f su <strong>nat\u016bralaus \u0161ilko plauk\u0173 juosta<\/strong>&#8221; <strong>White Small Natural Silk Seta Hair Band<\/strong>&#8221; !<br \/>\nSu meile rankomis Ispanijoje i\u0161 auk\u0161\u010diausios kokyb\u0117s 100 % nat\u016bralaus \u0161ilko pagaminta kiekviena juosta yra unikalus,<br \/>\nriboto leidimo aksesuaras, spinduliuojantis aistra ir precizika.<\/p>\n<p>Ji ne tik rafinuotai sutvirtina plaukus, bet ir puosel\u0117ja kiekvien\u0105 sruog\u0105, panaudodama nuostabias nat\u016bralaus \u0161ilko savybes. Atsisveikinkite su l\u016b\u017ein\u0117jimu ir pasveikinkite laimingus plaukus!<\/p>\n<h3 style=\"margin-top: 1.5em;\">Funkcijos ir privalumai<\/h3>\n<ul class=\"features-list\" style=\"list-style: none; padding: 0;\">\n<li style=\"margin-bottom: 0.5em;\"><span class=\"check-icon\" style=\"margin-right: 0.5em;\">\u2713<\/span><strong>Grynas nat\u016bralus \u0161ilkas:<\/strong> m\u0117gaukit\u0117s prabangiu prisilietimu, nat\u016braliu blizgesiu ir ne\u012ftik\u0117tinu \u0161velnumu, kur\u012f suteikia tik tikras \u0161ilkas.<\/li>\n<\/ul>\n<ul class=\"features-list\" style=\"list-style: none; padding: 0;\">\n<li style=\"margin-bottom: 0.5em;\">J\u016bs\u0173 plaukai jums pad\u0117kos!<\/li>\n<\/ul>\n<ul class=\"features-list\" style=\"list-style: none; padding: 0;\">\n<li style=\"margin-bottom: 0.5em;\"><span class=\"check-icon\" style=\"margin-right: 0.5em;\">\u2713<\/span><strong>Rank\u0173 darbo meistri\u0161kumas:<\/strong> \ud83c\uddea\ud83c\uddf8 Su meile rankomis gamina talentingi ispan\u0173 meistrai, u\u017etikrinantys neprilygstam\u0105 kokyb\u0119, charakter\u012f ir d\u0117mes\u012f kiekvienai detalei.<\/li>\n<\/ul>\n<ul class=\"features-list\" style=\"list-style: none; padding: 0;\">\n<li style=\"margin-bottom: 0.5em;\">Pagaminta Ispanijoje su meile!<\/li>\n<\/ul>\n<ul class=\"features-list\" style=\"list-style: none; padding: 0;\">\n<li style=\"margin-bottom: 0.5em;\"><span class=\"check-icon\" style=\"margin-right: 0.5em;\">\u2713<\/span><strong>Ribotas tira\u017eas<\/strong>: gaminama i\u0161skirtin\u0117mis nedidel\u0117mis partijomis, tod\u0117l j\u016bs\u0173 aksesuaras yra toks pat unikalus ir ypatingas kaip ir j\u016bs.<\/li>\n<\/ul>\n<ul class=\"features-list\" style=\"list-style: none; padding: 0;\">\n<li style=\"margin-bottom: 0.5em;\">Nepraleiskite progos!<\/li>\n<\/ul>\n<ul class=\"features-list\" style=\"list-style: none; padding: 0;\">\n<li style=\"margin-bottom: 0.5em;\"><span class=\"check-icon\" style=\"margin-right: 0.5em;\">\u2713<\/span><strong>Galutin\u0117 plauk\u0173 prie\u017ei\u016bra:<\/strong> glotnus \u0161ilko pavir\u0161ius suma\u017eina trint\u012f, tod\u0117l plaukai ma\u017eiau l\u016b\u017ein\u0117ja, skilin\u0117ja galiukai, susipainioja ir suma\u017e\u0117ja erzinan\u010dios kuoduk\u0173 rauk\u0161l\u0117s.<\/li>\n<\/ul>\n<ul class=\"features-list\" style=\"list-style: none; padding: 0;\">\n<li style=\"margin-bottom: 0.5em;\">Puikiai tinka vis\u0173 tip\u0173 plaukams, \u012fskaitant \u0161velnius ar apdorotus plaukus.<\/li>\n<\/ul>\n<ul class=\"features-list\" style=\"list-style: none; padding: 0;\">\n<li style=\"margin-bottom: 0.5em;\"><span class=\"check-icon\" style=\"margin-right: 0.5em;\">\u2713<\/span><strong>Universalus stilius<\/strong>: lengvai patobulinsite bet kok\u012f \u012fvaizd\u012f &#8211; nuo laisvalaikio kuoduko ar kuodelio iki rafinuoto vakarinio stiliaus.<\/li>\n<\/ul>\n<ul class=\"features-list\" style=\"list-style: none; padding: 0;\">\n<li style=\"list-style-type: none;\">\n<ul class=\"features-list\" style=\"list-style: none; padding: 0;\">\n<li style=\"margin-bottom: 0.5em;\">Puikiai tinka kasdieniam ne\u0161iojimui, treniruot\u0117ms ar ypatingoms progoms<\/li>\n<\/ul>\n<\/li>\n<\/ul>\n<p>.<\/p>\n<h3 style=\"margin-top: 1.5em;\">Auk\u0161\u010diausios kokyb\u0117s dovan\u0173 pakuot\u0117<\/h3>\n<p>Ar esate pasiruo\u0161\u0119 nustebinti k\u0105 nors (arba save)?<br \/>\nM\u016bs\u0173 stulbinanti auk\u0161\u010diausios kokyb\u0117s dovan\u0173 d\u0117\u017eut\u0117, pripildyta nepakartojamo ispani\u0161ko stiliaus,<br \/>\npaver\u010dia \u0161i\u0105 nuostabi\u0105 plauk\u0173 juost\u0105 nepamir\u0161tama dovana bet kokiai \u0161ventei.<br \/>\nTai elegancija, supakuota \u012f d\u0117\u017eut\u0119! Per\u017ei\u016br\u0117kite m\u016bs\u0173 nuostabios dovan\u0173 d\u0117\u017eut\u0117s nuotraukas toliau:<\/p>\n<div class=\"gift-images\" style=\"margin: 1em 0; display: flex; flex-wrap: wrap; gap: 10px;\"><img decoding=\"async\" style=\"max-width: 48%; height: auto; min-width: 200px;\" src=\"https:\/\/gintalevi.com\/wp-content\/uploads\/2023\/11\/IMG_1960_levels-scaled.jpg\" alt=\"Premium Pink GintaLevi Gift Box\" \/><br \/>\n<img decoding=\"async\" style=\"max-width: 48%; height: auto; min-width: 200px;\" src=\"https:\/\/gintalevi.com\/wp-content\/uploads\/2023\/06\/IMG_1962_levels-2048x1365.jpg\" alt=\"Premium GintaLevi Silk Scrunchie Packaging\" \/><\/div>\n<p>&nbsp;<\/p>\n<h3 style=\"margin-top: 1.5em;\">Prie\u017ei\u016bros instrukcijos<\/h3>\n<p><strong>Nat\u016bralaus \u0161ilko plauk\u0173 juosta Balta ma\u017ea<\/strong> plauk\u0173 juosta ilgus metus atrodys nuostabiai:<\/p>\n<ol style=\"padding-left: 20px;\">\n<li style=\"list-style-type: none\">\n<ol style=\"padding-left: 20px;\">\n<li style=\"margin-bottom: 0.5em;\">\u0160velniai skalbkite rankomis \u0161altame vandenyje (ne auk\u0161tesn\u0117je kaip 30 \u00b0C temperat\u016broje), naudodami \u0161veln\u0173, \u0161ilkui nekenksming\u0105 skalbikl\u012f.<\/li>\n<li style=\"margin-bottom: 0.5em;\">Neskalbkite ir nesukite. \u0160velniai i\u0161spauskite vandens pertekli\u0173.<\/li>\n<li style=\"margin-bottom: 0.5em;\">D\u017eiovinkite ant rank\u0161luos\u010dio, atokiau nuo tiesiogini\u0173 saul\u0117s spinduli\u0173 ar kar\u0161\u010dio. Venkite d\u017eiovinti ma\u0161inoje!<\/li>\n<li style=\"margin-bottom: 0.5em;\">Jei reikia, \u0161iek tiek dr\u0117gn\u0105 drabu\u017e\u012f lyginkite \u017eemais parametrais (\u0161ilko nustatymas) kitoje pus\u0117je.<\/li>\n<\/ol>\n<\/li>\n<\/ol>\n<p>&nbsp;<\/p>\n<h3 style=\"margin-top: 1.5em;\">Kod\u0117l verta rinktis nat\u016bralaus \u0161ilko plauk\u0173 juost\u0105 &#8222;White Small&#8221;?<\/h3>\n<p>Nes nusipeln\u0117te kasdien\u0117s prabangos, kuri taip pat nepaprastai tausoja j\u016bs\u0173 plaukus!<br \/>\n<strong>Nat\u016bralaus \u0161ilko plauk\u0173 juosta<\/strong> &#8221; <strong>White Small<\/strong> Natural Silk Seta&#8221; &#8211; tai ne tik aksesuaras, bet ir investicija \u012f j\u016bs\u0173 plauk\u0173 sveikat\u0105 ir asmenin\u012f stili\u0173.<\/p>\n<p>Ji sujungia \u017eaisming\u0105 ispani\u0161k\u0105 \u017eaves\u012f (\ud83c\uddea\ud83c\uddf8 Made with love!) ir rafinuot\u0105 elegancij\u0105, suma\u017eina plauk\u0173 pa\u017eeidimus ir garbanas, o j\u016bs\u0173 \u012fvaizd\u017eiui suteikia **\u0161velni\u0173 m\u0117lyn\u0173 atspalvi\u0173**.<\/p>\n<p>Nesvarbu, ar lepinate save, ar dovanojate brangenyb\u0119, \u0161i juosta byloja apie kokyb\u0119, i\u0161skirtinum\u0105 ir meil\u0119 gra\u017eiems daiktams<\/p>\n<h3 style=\"margin-top: 1.5em; text-align: center;\">.<\/h3>\n<p style=\"text-align: center; font-style: italic; font-size: 1.1em;\">Padovanokite sau ar kitam ypatingam \u017emogui nuostabi\u0105 ispani\u0161ko \u0161ilko prabang\u0105!<\/p>\n<p style=\"text-align: center; font-style: italic; font-size: 1.1em;\">U\u017esisakykite <strong>nat\u016bralaus \u0161ilko plauk\u0173 juost\u0105 &#8222;White Small Natural Silk Seta Hair Band&#8221;<\/strong> jau \u0161iandien ir patobulinkite savo stili\u0173 bei palepinkite plaukus!<\/p>\n<p style=\"text-align: center; font-style: italic; font-size: 1.1em;\">\u2728<\/p>\n","protected":false},"excerpt":{"rendered":"<div class=\"product-short-description\" style=\"padding: 1em;\">\n<h5>Nat\u016bralaus \u0161ilko plauk\u0173 juosta &#8222;White Small&#8221;<\/h5>\n<p>Pagerinkite savo \u012fvaizd\u012f m\u016bs\u0173 i\u0161skirtine nat\u016bralaus \u0161ilko plauk\u0173 juosta &#8222;White Small&#8221; &#8211;<strong>riboto leidimo<\/strong> aksesuaru, pagamintu i\u0161 100 % nat\u016bralaus \u0161ilko ir kruop\u0161\u010diai pagamintu rankomis, kad b\u016bt\u0173 itin prabangus ir funkcionalus.<\/div>\n<div class=\"product-short-description\" style=\"padding: 1em;\">\ud83c\uddea\ud83c\uddf8 Pagaminta Ispanijoje su meile.<\/div>\n<div class=\"product-short-description\" style=\"padding: 1em;\">\u2713<\/p>\n<ul class=\"features-list\" style=\"list-style: none; padding: 0; margin-top: 0.5em;\">\n<li style=\"margin-bottom: 0.5em;\"><span class=\"check-icon\" style=\"margin-right: 0.5em;\">1<\/span><strong>00 % nat\u016bralus \u0161ilkas<\/strong> &#8211; nat\u016braliai \u0161velnus, apsaugo nuo l\u016b\u017ein\u0117jimo ir suteikia blizgesio.<\/li>\n<\/ul>\n<\/div>\n<div class=\"product-short-description\" style=\"padding: 1em;\">\n<ul class=\"features-list\" style=\"list-style: none; padding: 0; margin-top: 0.5em;\">\n<li style=\"margin-bottom: 0.5em;\"><span class=\"check-icon\" style=\"margin-right: 0.5em;\">\u2713<\/span><strong>Rank\u0173 darbo kruop\u0161tumas<\/strong> &#8211; pagamino kvalifikuoti meistrai.<\/li>\n<\/ul>\n<\/div>\n<div class=\"product-short-description\" style=\"padding: 1em;\">\n<ul class=\"features-list\" style=\"list-style: none; padding: 0; margin-top: 0.5em;\">\n<li style=\"margin-bottom: 0.5em;\"><span class=\"check-icon\" style=\"margin-right: 0.5em;\">\u2713<\/span><strong>Ribotas tira\u017eas<\/strong> &#8211; unikalus, i\u0161skirtinis dizainas, kaip ir j\u016bs.<\/li>\n<\/ul>\n<\/div>\n<div class=\"product-short-description\" style=\"padding: 1em;\">\n<ul class=\"features-list\" style=\"list-style: none; padding: 0; margin-top: 0.5em;\">\n<li style=\"margin-bottom: 0.5em;\"><span class=\"check-icon\" style=\"margin-right: 0.5em;\">\u2713<\/span><strong>Draugi\u0161kas plaukams<\/strong> &#8211; ma\u017eina trint\u012f, ma\u017eina rauk\u0161les ir garbanas.<\/li>\n<\/ul>\n<\/div>\n","protected":false},"featured_media":7702,"comment_status":"open","ping_status":"closed","template":"","meta":{"_monsterinsights_skip_tracking":false,"_monsterinsights_sitenote_active":false,"_monsterinsights_sitenote_note":"","_monsterinsights_sitenote_category":0},"product_brand":[],"product_cat":[117],"product_tag":[],"class_list":{"0":"post-7699","1":"product","2":"type-product","3":"status-publish","4":"has-post-thumbnail","6":"product_cat-skraistes","7":"yith_product_brand-ginta-levi","9":"first","10":"instock","11":"taxable","12":"shipping-taxable","13":"purchasable","14":"product-type-simple"},"aioseo_notices":[],"_links":{"self":[{"href":"https:\/\/gintalevi.com\/lt\/wp-json\/wp\/v2\/product\/7699","targetHints":{"allow":["GET"]}}],"collection":[{"href":"https:\/\/gintalevi.com\/lt\/wp-json\/wp\/v2\/product"}],"about":[{"href":"https:\/\/gintalevi.com\/lt\/wp-json\/wp\/v2\/types\/product"}],"replies":[{"embeddable":true,"href":"https:\/\/gintalevi.com\/lt\/wp-json\/wp\/v2\/comments?post=7699"}],"version-history":[{"count":1,"href":"https:\/\/gintalevi.com\/lt\/wp-json\/wp\/v2\/product\/7699\/revisions"}],"predecessor-version":[{"id":9913,"href":"https:\/\/gintalevi.com\/lt\/wp-json\/wp\/v2\/product\/7699\/revisions\/9913"}],"wp:featuredmedia":[{"embeddable":true,"href":"https:\/\/gintalevi.com\/lt\/wp-json\/wp\/v2\/media\/7702"}],"wp:attachment":[{"href":"https:\/\/gintalevi.com\/lt\/wp-json\/wp\/v2\/media?parent=7699"}],"wp:term":[{"taxonomy":"product_brand","embeddable":true,"href":"https:\/\/gintalevi.com\/lt\/wp-json\/wp\/v2\/product_brand?post=7699"},{"taxonomy":"product_cat","embeddable":true,"href":"https:\/\/gintalevi.com\/lt\/wp-json\/wp\/v2\/product_cat?post=7699"},{"taxonomy":"product_tag","embeddable":true,"href":"https:\/\/gintalevi.com\/lt\/wp-json\/wp\/v2\/product_tag?post=7699"}],"curies":[{"name":"wp","href":"https:\/\/api.w.org\/{rel}","templated":true}]}}