{"id":7741,"date":"2024-04-27T13:43:24","date_gmt":"2024-04-27T13:43:24","guid":{"rendered":"https:\/\/gintalevi.com\/product\/naturalaus-silko-plauku-juosta-2\/"},"modified":"2025-06-09T20:41:46","modified_gmt":"2025-06-09T18:41:46","slug":"naturalaus-silko-plauku-juosta-2","status":"publish","type":"product","link":"https:\/\/gintalevi.com\/lt\/produktas\/naturalaus-silko-plauku-juosta-2\/","title":{"rendered":"Nat\u016bralaus \u0161ilko plauk\u0173 juosta"},"content":{"rendered":"<div class=\"product-long-description\" style=\"padding: 1em;\">\n<h3>Produkto ap\u017evalga<\/h3>\n<p>Pasinerkite \u012f \u017eaismingos elegancijos pasaul\u012f su <strong>nat\u016bralaus \u0161ilko plauk\u0173 juosta \u201eNatural Silk Seta Hair Band<\/strong>\u201c!<br \/>\nRank\u0173 darbo su meile Ispanijoje i\u0161 auk\u0161\u010diausios kokyb\u0117s 100% nat\u016bralaus \u0161ilko, kiekviena juosta yra unikalus,<br \/>\n riboto leidimo aksesuaras, spinduliuojantis aistr\u0105 ir tikslum\u0105.<\/p>\n<p>Tai ne tik apsaugo j\u016bs\u0173 plaukus rafinuotu stiliumi; Jis palepina kiekvien\u0105 sruog\u0105, panaudodamas nuostabius nat\u016bralius gryno \u0161ilko privalumus. Atsisveikinkite su l\u016b\u017ein\u0117jimu ir pasisveikinkite su laimingais plaukais! <\/p>\n<p><!-- Features & Benefits --><\/p>\n<h3 style=\"margin-top: 1.5em;\">Savyb\u0117s &amp;; Privalumai<\/h3>\n<ul class=\"features-list\" style=\"list-style: none; padding: 0;\">\n<li style=\"margin-bottom: 0.5em;\"><span class=\"check-icon\" style=\"margin-right: 0.5em;\">\u2713<\/span> <strong>Grynas nat\u016bralus \u0161ilkas:<\/strong> m\u0117gaukit\u0117s prabangiu prisilietimu, nat\u016braliu blizgesiu ir ne\u012ftik\u0117tinu mink\u0161tumu, kur\u012f si\u016blo tik tikras \u0161ilkas. J\u016bs\u0173 plaukai jums pad\u0117kos! <\/li>\n<li style=\"margin-bottom: 0.5em;\"><span class=\"check-icon\" style=\"margin-right: 0.5em;\">\u2713<\/span> <strong>Rank\u0173 darbo meistri\u0161kumas:<\/strong> \ud83c\uddea\ud83c\uddf8 Meiliai rank\u0173 darbo talenting\u0173 ispan\u0173 amatinink\u0173, u\u017etikrinantis neprilygstam\u0105 kokyb\u0119, charakter\u012f ir d\u0117mes\u012f detal\u0117ms kiekviename dygsnyje. Pagaminta Ispanijoje su meile! <\/li>\n<li style=\"margin-bottom: 0.5em;\"><span class=\"check-icon\" style=\"margin-right: 0.5em;\">\u2713<\/span> <strong>Ribotas leidimas:<\/strong> gaminamas i\u0161skirtin\u0117mis ma\u017eomis partijomis, garantuojant, kad j\u016bs\u0173 priedas yra toks pat unikalus ir ypatingas, kaip ir j\u016bs. Nepraleiskite progos! <\/li>\n<li style=\"margin-bottom: 0.5em;\"><span class=\"check-icon\" style=\"margin-right: 0.5em;\">\u2713<\/span> <strong>Auk\u0161\u010diausia plauk\u0173 prie\u017ei\u016bra:<\/strong> lygus \u0161ilko pavir\u0161ius suma\u017eina trint\u012f, suma\u017eina plauk\u0173 l\u016b\u017ein\u0117jim\u0105, skilin\u0117jan\u010dius galiukus, susiv\u0117limus ir tas erzinan\u010dias ponytail rauk\u0161les. Puikiai tinka vis\u0173 tip\u0173 plaukams, \u012fskaitant \u0161velnius ar apdorotus plaukus. <\/li>\n<li style=\"margin-bottom: 0.5em;\"><span class=\"check-icon\" style=\"margin-right: 0.5em;\">\u2713<\/span> <strong>Universalus stilius:<\/strong> be vargo pakelia bet koki\u0105 i\u0161vaizd\u0105 \u2013 nuo kasdienio ponytail ar bandel\u0117s iki rafinuoto vakaro stiliaus. Puikiai tinka kasdieniam d\u0117v\u0117jimui, treniruot\u0117ms ar ypatingoms progoms. <\/li>\n<\/ul>\n<p><!-- Premium Gift Packaging Section --><\/p>\n<h3 style=\"margin-top: 1.5em;\">Auk\u0161\u010diausios kokyb\u0117s dovan\u0173 pakuot\u0117<\/h3>\n<p>Pasiruo\u0161\u0119 k\u0105 nors (ar save) su\u017eav\u0117ti?<br \/>\nM\u016bs\u0173 nuostabi auk\u0161\u010diausios kokyb\u0117s dovan\u0173 d\u0117\u017eut\u0117, pripildyta neabejotinos ispani\u0161kos nuojautos,<br \/>\n paver\u010dia \u0161i\u0105 gra\u017ei\u0105 plauk\u0173 juost\u0105 nepamir\u0161tama dovana bet kokiai \u0161ventei.<br \/>\nTai elegancija, boksas! Per\u017ei\u016br\u0117kite m\u016bs\u0173 nuostabius dovan\u0173 d\u0117\u017eut\u0117s vaizdus \u017eemiau: <\/p>\n<div class=\"gift-images\" style=\"margin: 1em 0; display: flex; flex-wrap: wrap; gap: 10px;\"><img decoding=\"async\" style=\"max-width: 48%; height: auto; min-width: 200px;\" src=\"https:\/\/gintalevi.com\/wp-content\/uploads\/2023\/11\/IMG_1960_levels-scaled.jpg\" alt=\"Auk\u0161\u010diausios kokyb\u0117s ro\u017ein\u0117 GintaLevi dovan\u0173 d\u0117\u017eut\u0117\"><br \/>\n<img decoding=\"async\" style=\"max-width: 48%; height: auto; min-width: 200px;\" src=\"https:\/\/gintalevi.com\/wp-content\/uploads\/2023\/06\/IMG_1962_levels-2048x1365.jpg\" alt=\"Auk\u0161\u010diausios kokyb\u0117s \u201eGintaLevi Silk Scrunchie\u201c pakuot\u0117\"><\/div>\n<p><!-- Care Instructions --><\/p>\n<h3 style=\"margin-top: 1.5em;\">Prie\u017ei\u016bros instrukcijos<\/h3>\n<p>Laikykite savo <strong>nat\u016bralaus \u0161ilko plauk\u0173 juostos<\/strong> plauk\u0173 juost\u0105 pasaki\u0161kai ateinan\u010diais metais: <\/p>\n<ol style=\"padding-left: 20px;\">\n<li style=\"margin-bottom: 0.5em;\">\u0160velniai plaukite rankas \u0161altame vandenyje (ne daugiau kaip 30 \u00b0C), naudodami \u0161veln\u0173, \u0161ilkui draugi\u0161k\u0105 plovikl\u012f.<\/li>\n<li style=\"margin-bottom: 0.5em;\">Negalima sukti ar sukti. \u0160velniai i\u0161spauskite vandens pertekli\u0173. <\/li>\n<li style=\"margin-bottom: 0.5em;\">Paguldykite plok\u0161\u010di\u0105, kad i\u0161d\u017ei\u016bt\u0173 ant rank\u0161luos\u010dio, atokiau nuo tiesiogini\u0173 saul\u0117s spinduli\u0173 ar kar\u0161\u010dio. Venkite d\u017eiovinimo ma\u0161inoje! <\/li>\n<li style=\"margin-bottom: 0.5em;\">Jei reikia, lyginkite ant \u017eemo nustatymo (\u0161ilko nustatymo) kitoje pus\u0117je, kol \u0161iek tiek dr\u0117gna.<\/li>\n<\/ol>\n<p><!-- Why Choose Natural Silk Hair Band? --><\/p>\n<h3 style=\"margin-top: 1.5em;\">Kod\u0117l verta rinktis nat\u016bralaus \u0161ilko plauk\u0173 juost\u0105?<\/h3>\n<p>Nes j\u016bs nusipeln\u0117te kasdien\u0117s prabangos, kuri taip pat yra nepaprastai maloni j\u016bs\u0173 plaukams!<br \/>\n<strong>Nat\u016bralaus \u0161ilko plauk\u0173 juosta<\/strong> \u201eNatural Silk Seta Hair Band\u201c yra ne tik aksesuaras;<br \/>\nTai investicija \u012f j\u016bs\u0173 plauk\u0173 sveikat\u0105 ir asmenin\u012f stili\u0173.<\/p>\n<p>Jame \u017eaismingas ispani\u0161kas \u017eavesys (\ud83c\uddea\ud83c\uddf8 \u201eMade with love!\u201c) susilieja su rafinuota elegancija, suma\u017eina \u017eal\u0105 ir blizges\u012f,<br \/>\n o j\u016bs\u0173 i\u0161vaizdai suteikia **rami\u0173 m\u0117lyn\u0173 ton\u0173**.<\/p>\n<p>Nesvarbu, ar vai\u0161inate save, ar dovanojate lob\u012f, \u0161i juosta daug kalba apie kokyb\u0119, i\u0161skirtinum\u0105 ir meil\u0119 gra\u017eiems dalykams.<\/p>\n<p><!-- Call to Action --><\/p>\n<h3 style=\"margin-top: 1.5em; text-align: center;\">Pasiruo\u0161\u0119 \u0161ilko magijos prisilietimui?<\/h3>\n<p style=\"text-align: center; font-style: italic; font-size: 1.1em;\">Palepinkite save ar k\u0105 nors ypatingo nuostabia ispani\u0161ko \u0161ilko prabanga! U\u017esisakykite <strong>savo nat\u016bralaus \u0161ilko plauk\u0173 juost\u0105 \u201eNatural Silk Seta Hair Band\u201c<\/strong> \u0161iandien ir sustiprinkite savo stiliaus \u017eaidim\u0105 palepindami plaukus! \u2728 <\/p>\n<\/div>\n","protected":false},"excerpt":{"rendered":"<div class=\"product-short-description\" style=\"padding: 1em;\">\n<h5>Nat\u016bralaus \u0161ilko plauk\u0173 juosta<\/h5>\n<p>Pagerinkite savo i\u0161vaizd\u0105 naudodami m\u016bs\u0173 i\u0161skirtin\u0119<br \/>\nnat\u016bralaus \u0161ilko plauk\u0173 juost\u0105 &#8211; <strong>riboto leidimo pried\u0105,<\/strong> pagamint\u0105 i\u0161 100% nat\u016bralaus \u0161ilko<br \/>\nir kruop\u0161\u010diai rank\u0173 darbo, kad u\u017etikrintum\u0117te did\u017eiausi\u0105 prabang\u0105 ir funkcionalum\u0105.<br \/>\n\ud83c\uddea\ud83c\uddf8 Pagaminta Ispanijoje su meile.<\/p>\n<ul class=\"features-list\" style=\"list-style: none; padding: 0; margin-top: 0.5em;\">\n<li style=\"margin-bottom: 0.5em;\"><span class=\"check-icon\" style=\"margin-right: 0.5em;\">\u2713<\/span><strong>100% nat\u016bralus \u0161ilkas<\/strong> \u2013 nat\u016braliai \u0161velnus, apsaugo nuo l\u016b\u017ein\u0117jimo ir suteikia blizgesio.<\/li>\n<li style=\"margin-bottom: 0.5em;\"><span class=\"check-icon\" style=\"margin-right: 0.5em;\">\u2713<\/span> <strong>Rank\u0173 darbo su prie\u017ei\u016bra<\/strong> \u2013 pagaminta kvalifikuot\u0173 amatinink\u0173.<\/li>\n<li style=\"margin-bottom: 0.5em;\"><span class=\"check-icon\" style=\"margin-right: 0.5em;\">\u2713<\/span> <strong>Ribotas leidimas<\/strong> \u2013 unikalus, i\u0161skirtinis dizainas, kaip ir j\u016bs.<\/li>\n<li style=\"margin-bottom: 0.5em;\"><span class=\"check-icon\" style=\"margin-right: 0.5em;\">\u2713<\/span> <strong>Draugi\u0161kas plaukams<\/strong> &#8211; suma\u017eina trint\u012f, suma\u017eina rauk\u0161les ir purum\u0105.<\/li>\n<\/ul>\n<\/div>\n","protected":false},"featured_media":7743,"comment_status":"open","ping_status":"closed","template":"","meta":{"_monsterinsights_skip_tracking":false,"_monsterinsights_sitenote_active":false,"_monsterinsights_sitenote_note":"","_monsterinsights_sitenote_category":0},"product_brand":[],"product_cat":[117,139],"product_tag":[],"class_list":{"0":"post-7741","1":"product","2":"type-product","3":"status-publish","4":"has-post-thumbnail","6":"product_cat-skraistes","7":"product_cat-uncategorized-lt-2","8":"yith_product_brand-ginta-levi","10":"first","11":"instock","12":"taxable","13":"shipping-taxable","14":"purchasable","15":"product-type-simple"},"aioseo_notices":[],"_links":{"self":[{"href":"https:\/\/gintalevi.com\/lt\/wp-json\/wp\/v2\/product\/7741","targetHints":{"allow":["GET"]}}],"collection":[{"href":"https:\/\/gintalevi.com\/lt\/wp-json\/wp\/v2\/product"}],"about":[{"href":"https:\/\/gintalevi.com\/lt\/wp-json\/wp\/v2\/types\/product"}],"replies":[{"embeddable":true,"href":"https:\/\/gintalevi.com\/lt\/wp-json\/wp\/v2\/comments?post=7741"}],"version-history":[{"count":1,"href":"https:\/\/gintalevi.com\/lt\/wp-json\/wp\/v2\/product\/7741\/revisions"}],"predecessor-version":[{"id":9924,"href":"https:\/\/gintalevi.com\/lt\/wp-json\/wp\/v2\/product\/7741\/revisions\/9924"}],"wp:featuredmedia":[{"embeddable":true,"href":"https:\/\/gintalevi.com\/lt\/wp-json\/wp\/v2\/media\/7743"}],"wp:attachment":[{"href":"https:\/\/gintalevi.com\/lt\/wp-json\/wp\/v2\/media?parent=7741"}],"wp:term":[{"taxonomy":"product_brand","embeddable":true,"href":"https:\/\/gintalevi.com\/lt\/wp-json\/wp\/v2\/product_brand?post=7741"},{"taxonomy":"product_cat","embeddable":true,"href":"https:\/\/gintalevi.com\/lt\/wp-json\/wp\/v2\/product_cat?post=7741"},{"taxonomy":"product_tag","embeddable":true,"href":"https:\/\/gintalevi.com\/lt\/wp-json\/wp\/v2\/product_tag?post=7741"}],"curies":[{"name":"wp","href":"https:\/\/api.w.org\/{rel}","templated":true}]}}