{"id":7786,"date":"2023-12-07T16:27:53","date_gmt":"2023-12-07T16:27:53","guid":{"rendered":"https:\/\/gintalevi.com\/product\/plauku-juosta-tamsiai-nuoga-didele\/"},"modified":"2023-12-07T16:27:53","modified_gmt":"2023-12-07T16:27:53","slug":"plauku-juosta-tamsiai-nuoga-didele","status":"publish","type":"product","link":"https:\/\/gintalevi.com\/lt\/produktas\/plauku-juosta-tamsiai-nuoga-didele\/","title":{"rendered":"Plauk\u0173 juosta tamsiai nuoga didel\u0117"},"content":{"rendered":"<p style=\"margin: 0in; font-family: Calibri; font-size: 11.0pt;\">\u0160i \u017eavinga skraist\u0117 puikiai tiks j\u016bs\u0173 kuodui ar rie\u0161ui!<\/p>\n<p style=\"margin: 0in; font-family: Calibri; font-size: 11.0pt;\">Nepa\u017eeis j\u016bs\u0173 plauk\u0173, nes yra nat\u016bralus.<\/p>\n<p style=\"margin: 0in; font-family: Calibri; font-size: 11.0pt;\">Jei plaukai slenka ir l\u016b\u017ein\u0117ja.<\/p>\n<p style=\"margin: 0in; font-family: Calibri; font-size: 11.0pt;\">Plauk\u0173 juosta puikiai tinka storiems ir ilgiems plaukams .<\/p>\n<p style=\"margin: 0in; font-family: Calibri; font-size: 11.0pt;\">Tai gali b\u016bti puiki j\u016bs\u0173 stiliaus detal\u0117.<\/p>\n","protected":false},"excerpt":{"rendered":"<p>Rank\u0173 darbo su natura.<\/p>\n<p>Plauk\u0173 juostos gaminamos nedideliais kiekiais. Tai suteikia unikalumo ir originalumo.<\/p>\n<p>Tai puikus pasirinkimas moterims ir mergait\u0117ms.<\/p>\n","protected":false},"featured_media":7788,"comment_status":"open","ping_status":"closed","template":"","meta":{"_monsterinsights_skip_tracking":false,"_monsterinsights_sitenote_active":false,"_monsterinsights_sitenote_note":"","_monsterinsights_sitenote_category":0},"product_brand":[],"product_cat":[119,117],"product_tag":[],"class_list":{"0":"post-7786","1":"product","2":"type-product","3":"status-publish","4":"has-post-thumbnail","6":"product_cat-riboto-leidimo-queen-scrunchies-gumytes","7":"product_cat-skraistes","9":"first","10":"instock","11":"taxable","12":"shipping-taxable","13":"purchasable","14":"product-type-simple"},"aioseo_notices":[],"_links":{"self":[{"href":"https:\/\/gintalevi.com\/lt\/wp-json\/wp\/v2\/product\/7786","targetHints":{"allow":["GET"]}}],"collection":[{"href":"https:\/\/gintalevi.com\/lt\/wp-json\/wp\/v2\/product"}],"about":[{"href":"https:\/\/gintalevi.com\/lt\/wp-json\/wp\/v2\/types\/product"}],"replies":[{"embeddable":true,"href":"https:\/\/gintalevi.com\/lt\/wp-json\/wp\/v2\/comments?post=7786"}],"version-history":[{"count":0,"href":"https:\/\/gintalevi.com\/lt\/wp-json\/wp\/v2\/product\/7786\/revisions"}],"wp:featuredmedia":[{"embeddable":true,"href":"https:\/\/gintalevi.com\/lt\/wp-json\/wp\/v2\/media\/7788"}],"wp:attachment":[{"href":"https:\/\/gintalevi.com\/lt\/wp-json\/wp\/v2\/media?parent=7786"}],"wp:term":[{"taxonomy":"product_brand","embeddable":true,"href":"https:\/\/gintalevi.com\/lt\/wp-json\/wp\/v2\/product_brand?post=7786"},{"taxonomy":"product_cat","embeddable":true,"href":"https:\/\/gintalevi.com\/lt\/wp-json\/wp\/v2\/product_cat?post=7786"},{"taxonomy":"product_tag","embeddable":true,"href":"https:\/\/gintalevi.com\/lt\/wp-json\/wp\/v2\/product_tag?post=7786"}],"curies":[{"name":"wp","href":"https:\/\/api.w.org\/{rel}","templated":true}]}}