{"id":8091,"date":"2023-10-02T13:15:09","date_gmt":"2023-10-02T13:15:09","guid":{"rendered":"https:\/\/gintalevi.com\/product\/miego-rinkinys-barbie\/"},"modified":"2025-06-09T21:19:21","modified_gmt":"2025-06-09T19:19:21","slug":"miego-rinkinys-barbie","status":"publish","type":"product","link":"https:\/\/gintalevi.com\/lt\/produktas\/miego-rinkinys-barbie\/","title":{"rendered":"Miego rinkinys Barbie"},"content":{"rendered":"<div class=\"product-long-description\" style=\"padding: 1em;\">\n<h3>Produkto ap\u017evalga<\/h3>\n<p>Paverskite savo mieg\u0105 naktine SPA proced\u016bra su prabangiu <strong>miego rinkiniu . Ro\u017ein\u0117 galia<\/strong>!<br \/>\nRank\u0173 darbo su meile Ispanijoje, \u0161is i\u0161skirtinis miego rinkinys pasi\u017eymi auk\u0161\u010diausios kokyb\u0117s 100% nat\u016braliu \u0161ilku. Kiekvienas rinkinys yra unikali<br \/>\n, riboto leidimo kolekcija, sukurta apgaubti jus neprilygstamu komfortu ir suteikti nepaprast\u0173 privalum\u0173 j\u016bs\u0173 odai ir plaukams. <\/p>\n<p>Patirkite \u0161velni\u0105 gryno \u0161ilko glamon\u0119 ir pabuskite jausdamiesi \u017eval\u016bs, su lygesne oda ir sveikiau atrodan\u010diais plaukais. Tai daugiau nei tik patalyn\u0117; tai investicija \u012f j\u016bs\u0173 gerov\u0119. <\/p>\n<p><!-- Features & Benefits --><\/p>\n<h3 style=\"margin-top: 1.5em;\">Savyb\u0117s &amp;; Privalumai<\/h3>\n<ul class=\"features-list\" style=\"list-style: none; padding: 0;\">\n<li style=\"margin-bottom: 0.5em;\"><span class=\"check-icon\" style=\"margin-right: 0.5em;\">\u2713<\/span> <strong>Hipoalerginis &amp;; Antibakterinis:<\/strong> Nat\u016bralus \u0161ilkas pasi\u017eymi antialergin\u0117mis ir antibakterin\u0117mis savyb\u0117mis, tod\u0117l labai rekomenduojamas asmenims, turintiems alergij\u0105 ar jautrias odos ligas, tokias kaip spuogai, dermatitas ar egzema.<\/li>\n<li style=\"margin-bottom: 0.5em;\"><span class=\"check-icon\" style=\"margin-right: 0.5em;\">\u2713<\/span> <strong>Palaiko odos dr\u0117kinim\u0105:<\/strong> nat\u016bralios \u0161ilko savyb\u0117s padeda j\u016bs\u0173 odai i\u0161laikyti dr\u0117gm\u0119, nes, skirtingai nei medviln\u0117, \u0161ilkas nesugeria j\u016bs\u0173 verting\u0173 plauk\u0173 ar odos prie\u017ei\u016bros priemoni\u0173. Pabuskite su labiau hidratuota ir spinduliuojan\u010dia veido oda. <\/li>\n<li style=\"margin-bottom: 0.5em;\"><span class=\"check-icon\" style=\"margin-right: 0.5em;\">\u2713<\/span> <strong>Anti-sen\u0117jimo &amp;rauk\u0161li\u0173 prevencija:<\/strong> Miegas ant \u0161ilko pavir\u0161iaus suma\u017eina trint\u012f ant odos, padeda i\u0161vengti miego rauk\u0161li\u0173, smulki\u0173 linij\u0173 ir prie\u0161laikini\u0173 sen\u0117jimo po\u017eymi\u0173.<\/li>\n<li style=\"margin-bottom: 0.5em;\"><span class=\"check-icon\" style=\"margin-right: 0.5em;\">\u2713<\/span> <strong>Ramina sudirgusi\u0105 od\u0105:<\/strong> \u0161ilko sud\u0117tyje yra nat\u016bralaus baltymo, vadinamo sericinu (da\u017enai vadinamo \u201e\u0161ilko klijais\u201c), kuris ramina sudirgusi\u0105 od\u0105. D\u0117l to \u0161ilkiniai pagalvi\u0173 u\u017evalkalai yra puikus pasirinkimas net vaikams ar tiems, kurie turi \u0161velni\u0105 od\u0105. <\/li>\n<li style=\"margin-bottom: 0.5em;\"><span class=\"check-icon\" style=\"margin-right: 0.5em;\">\u2713<\/span> <strong>Skatina plauk\u0173 gro\u017e\u012f:<\/strong> apsaugo plaukus nuo skilin\u0117jan\u010di\u0173 galiuk\u0173, blizgesio ir susiv\u0117lim\u0173. Miegas ant \u0161ilko rei\u0161kia ma\u017eesn\u0119 trint\u012f, tod\u0117l j\u016bs\u0173 plaukai i\u0161lieka lygesni, ma\u017eiau netvarkingi ir lengviau formuojami ryte. <\/li>\n<li style=\"margin-bottom: 0.5em;\"><span class=\"check-icon\" style=\"margin-right: 0.5em;\">\u2713<\/span> <strong>Nat\u016bralus temperat\u016bros reguliavimas:<\/strong> 100% nat\u016bralus Mulberry \u0161ilkas nat\u016braliai reguliuoja k\u016bno temperat\u016br\u0105, pad\u0117damas jums i\u0161likti v\u0117siems vasar\u0105 ir \u0161iltas \u017eiem\u0105, kad sveikai ir efektyviai miegotum\u0117te i\u0161tisus metus.<\/li>\n<li style=\"margin-bottom: 0.5em;\"><span class=\"check-icon\" style=\"margin-right: 0.5em;\">\u2713<\/span> <strong>Rank\u0173 darbo meistri\u0161kumas:<\/strong> \ud83c\uddea\ud83c\uddf8 Meiliai rank\u0173 darbo talenting\u0173 ispan\u0173 amatinink\u0173, u\u017etikrinantis neprilygstam\u0105 kokyb\u0119, charakter\u012f ir d\u0117mes\u012f detal\u0117ms kiekviename dygsnyje. Pagaminta Ispanijoje su meile! <\/li>\n<li style=\"margin-bottom: 0.5em;\"><span class=\"check-icon\" style=\"margin-right: 0.5em;\">\u2713<\/span> <strong>Ribotas leidimas:<\/strong> gaminamas i\u0161skirtin\u0117mis ma\u017eomis partijomis, garantuojant, kad j\u016bs\u0173 miego rinkinys yra toks pat unikalus ir ypatingas, kaip ir j\u016bs.<\/li>\n<\/ul>\n<p><!-- Premium Gift Packaging Section --><\/p>\n<h3 style=\"margin-top: 1.5em;\">Auk\u0161\u010diausios kokyb\u0117s dovan\u0173 pakuot\u0117<\/h3>\n<p>Pasiruo\u0161\u0119 padovanoti tobulo miego svajon\u0119 (kam nors ar sau)?<br \/>\nM\u016bs\u0173 nuostabi auk\u0161\u010diausios kokyb\u0117s dovan\u0173 d\u0117\u017eut\u0117, pripildyta neabejotinos ispani\u0161kos nuojautos,<br \/>\n paver\u010dia \u0161\u012f nuostab\u0173 miego rinkin\u012f nepamir\u0161tama dovana bet kokiai \u0161ventei.<br \/>\nTai prabanga, boksuota! Per\u017ei\u016br\u0117kite m\u016bs\u0173 nuostabius dovan\u0173 d\u0117\u017eut\u0117s vaizdus (pavyzdys): <\/p>\n<div class=\"gift-images\" style=\"margin: 1em 0; display: flex; flex-wrap: wrap; gap: 10px;\"><img decoding=\"async\" style=\"max-width: 48%; height: auto; min-width: 200px;\" src=\"https:\/\/gintalevi.com\/wp-content\/uploads\/2023\/11\/IMG_1960_levels-scaled.jpg\" alt=\"Auk\u0161\u010diausios kokyb\u0117s ro\u017ein\u0117 GintaLevi dovan\u0173 d\u0117\u017eut\u0117\"><br \/>\n<img decoding=\"async\" style=\"max-width: 48%; height: auto; min-width: 200px;\" src=\"https:\/\/gintalevi.com\/wp-content\/uploads\/2024\/01\/SetTheSnowPackaging.jpg\" alt=\"\u201eGintaLevi Sleep Set\u201c pakuot\u0117s pavyzdys\"><\/div>\n<p><!-- Care Instructions --><\/p>\n<h3 style=\"margin-top: 1.5em;\">Prie\u017ei\u016bros instrukcijos<\/h3>\n<p><strong>Laikykite miego rinkin\u012f . \u201ePink Power\u201c<\/strong> atrodo ir jau\u010diasi prabangiai ilgus metus: <\/p>\n<ol style=\"padding-left: 20px;\">\n<li style=\"margin-bottom: 0.5em;\">\u0160velniai plaukite rankas \u0161altame vandenyje (ne daugiau kaip 30 \u00b0C), naudodami \u0161veln\u0173, \u0161ilkui draugi\u0161k\u0105 plovikl\u012f.<\/li>\n<li style=\"margin-bottom: 0.5em;\">Arba skalbkite ma\u0161inoje subtiliu ciklu (ne daugiau kaip 30 \u00b0C) tinkliniame skalbini\u0173 mai\u0161e.<\/li>\n<li style=\"margin-bottom: 0.5em;\">Negalima sukti ar sukti. \u0160velniai i\u0161spauskite vandens pertekli\u0173, jei plaunate rankas. <\/li>\n<li style=\"margin-bottom: 0.5em;\">Paguldykite plok\u0161\u010di\u0105 arba pakabinkite, kad i\u0161d\u017ei\u016bt\u0173 ant rank\u0161luos\u010dio, atokiau nuo tiesiogini\u0173 saul\u0117s spinduli\u0173 ar kar\u0161\u010dio. Venkite d\u017eiovinimo ma\u0161inoje! <\/li>\n<li style=\"margin-bottom: 0.5em;\">Jei reikia, lyginkite ant \u017eemo nustatymo (\u0161ilko nustatymo) kitoje pus\u0117je, kol \u0161iek tiek dr\u0117gna.<\/li>\n<\/ol>\n<p><!-- Why Choose Sleep Set .Pink Power? --><\/p>\n<h3 style=\"margin-top: 1.5em;\">Kod\u0117l verta rinktis miego rinkin\u012f . Ro\u017ein\u0117 galia?<\/h3>\n<p>Nes j\u016bs nusipeln\u0117te atkuriamojo miego prabangos ir \u0161velnios prie\u017ei\u016bros, kuri\u0105 gali suteikti tik grynas \u0161ilkas.<br \/>\n<strong>Miego rinkinys . \u201ePink Power<\/strong>\u201c n\u0117ra tik patalyn\u0117s aksesuaras;<br \/>\nTai investicija \u012f j\u016bs\u0173 naktin\u012f atjauninim\u0105, odos sveikat\u0105 ir plauk\u0173 gyvybingum\u0105.<\/p>\n<p>Jame \u017eaismingas ispani\u0161kas \u017eavesys (\ud83c\uddea\ud83c\uddf8 \u201eMade with love!\u201c) susilieja su rafinuota elegancija ir moksli\u0161kai pagr\u012fstais privalumais,<br \/>\n paversdamas j\u016bs\u0173 lov\u0105 komforto ir gro\u017eio \u0161ventove.<\/p>\n<p>Nesvarbu, ar gydytum\u0117te save, ar dovanotum\u0117te gerov\u0117s lob\u012f, \u0161is miego rinkinys daug kalba apie kokyb\u0119, i\u0161skirtinum\u0105 ir meil\u0119 r\u016bpinimuisi savimi.<\/p>\n<p><!-- Call to Action --><\/p>\n<h3 style=\"margin-top: 1.5em; text-align: center;\">\nPasiruo\u0161\u0119 pakelti savo mieg\u0105 \u012f meno form\u0105?<\/h3>\n<p style=\"text-align: center; font-style: italic; font-size: 1.1em;\">Palepinkite save ar k\u0105 nors ypatingo nuostabia ispan\u0173 gamybos \u0161ilko prabanga! <strong>U\u017esisakykite miego rinkin\u012f . \u201ePink Power<\/strong>\u201c \u0161iandien ir i\u0161 naujo atraskite tikrai gra\u017eaus nakties miego d\u017eiaugsm\u0105! \u2728 <\/p>\n<\/div>\n","protected":false},"excerpt":{"rendered":"<div class=\"product-short-description\" style=\"padding: 1em;\">Pasim\u0117gaukite geriausia miego patirtimi su m\u016bs\u0173 i\u0161skirtiniu<br \/>\nmiego rinkiniu . \u201ePink Power<strong>\u201c &#8211; riboto leidimo<\/strong> rinkinys, pagamintas i\u0161 100% nat\u016bralaus \u201eMulberry\u201c \u0161ilko, kruop\u0161\u010diai rank\u0173 darbo,<br \/>\n kad b\u016bt\u0173 u\u017etikrintas prabangus komfortas ir gro\u017eio privalumai.\ud83c\uddea\ud83c\uddf8 Pagaminta Ispanijoje su meile.<\/p>\n<ul class=\"features-list\" style=\"list-style: none; padding: 0; margin-top: 0.5em;\">\n<li style=\"margin-bottom: 0.5em;\"><span class=\"check-icon\" style=\"margin-right: 0.5em;\">\u2713<\/span><strong>100% nat\u016bralus \u0161ilkmed\u017eio \u0161ilkas<\/strong> \u2013 hipoalergi\u0161kas, kv\u0117puojantis ir \u0161velnus odai ir plaukams.<\/li>\n<li style=\"margin-bottom: 0.5em;\"><span class=\"check-icon\" style=\"margin-right: 0.5em;\">\u2713<\/span> <strong>Rank\u0173 darbo su prie\u017ei\u016bra<\/strong> \u2013 pagaminta kvalifikuot\u0173 amatinink\u0173, kad b\u016bt\u0173 u\u017etikrinta unikali, auk\u0161tos kokyb\u0117s apdaila.<\/li>\n<li style=\"margin-bottom: 0.5em;\"><span class=\"check-icon\" style=\"margin-right: 0.5em;\">\u2713<\/span> <strong>Odos ir plauk\u0173 nauda<\/strong> \u2013 padeda i\u0161laikyti odos dr\u0117kinim\u0105, nes \u0161ilkas nesugeria odos prie\u017ei\u016bros priemoni\u0173; suma\u017eina plauk\u0173 trint\u012f, purum\u0105 ir l\u016b\u017ein\u0117jim\u0105.<\/li>\n<li style=\"margin-bottom: 0.5em;\"><span class=\"check-icon\" style=\"margin-right: 0.5em;\">\u2713<\/span> <strong>Tinka visiems<\/strong> \u2013 idealus pasirinkimas moterims, vyrams ir merginoms, ie\u0161kantiems geresn\u0117s miego kokyb\u0117s.<\/li>\n<li style=\"margin-bottom: 0.5em;\"><span class=\"check-icon\" style=\"margin-right: 0.5em;\">\u2713<\/span> <strong>Standartinis dydis<\/strong> &#8211; pagalv\u0117s u\u017evalkalas paprastai 50x70cm (nebent kiekvienam produktui nurodyta kitaip).<\/li>\n<\/ul>\n<\/div>\n","protected":false},"featured_media":8092,"comment_status":"open","ping_status":"closed","template":"","meta":{"_monsterinsights_skip_tracking":false,"_monsterinsights_sitenote_active":false,"_monsterinsights_sitenote_note":"","_monsterinsights_sitenote_category":0},"product_brand":[],"product_cat":[127],"product_tag":[],"class_list":{"0":"post-8091","1":"product","2":"type-product","3":"status-publish","4":"has-post-thumbnail","6":"product_cat-miego-rinkinys","7":"yith_product_brand-ginta-levi","9":"first","10":"instock","11":"taxable","12":"shipping-taxable","13":"purchasable","14":"product-type-simple"},"aioseo_notices":[],"_links":{"self":[{"href":"https:\/\/gintalevi.com\/lt\/wp-json\/wp\/v2\/product\/8091","targetHints":{"allow":["GET"]}}],"collection":[{"href":"https:\/\/gintalevi.com\/lt\/wp-json\/wp\/v2\/product"}],"about":[{"href":"https:\/\/gintalevi.com\/lt\/wp-json\/wp\/v2\/types\/product"}],"replies":[{"embeddable":true,"href":"https:\/\/gintalevi.com\/lt\/wp-json\/wp\/v2\/comments?post=8091"}],"version-history":[{"count":1,"href":"https:\/\/gintalevi.com\/lt\/wp-json\/wp\/v2\/product\/8091\/revisions"}],"predecessor-version":[{"id":10028,"href":"https:\/\/gintalevi.com\/lt\/wp-json\/wp\/v2\/product\/8091\/revisions\/10028"}],"wp:featuredmedia":[{"embeddable":true,"href":"https:\/\/gintalevi.com\/lt\/wp-json\/wp\/v2\/media\/8092"}],"wp:attachment":[{"href":"https:\/\/gintalevi.com\/lt\/wp-json\/wp\/v2\/media?parent=8091"}],"wp:term":[{"taxonomy":"product_brand","embeddable":true,"href":"https:\/\/gintalevi.com\/lt\/wp-json\/wp\/v2\/product_brand?post=8091"},{"taxonomy":"product_cat","embeddable":true,"href":"https:\/\/gintalevi.com\/lt\/wp-json\/wp\/v2\/product_cat?post=8091"},{"taxonomy":"product_tag","embeddable":true,"href":"https:\/\/gintalevi.com\/lt\/wp-json\/wp\/v2\/product_tag?post=8091"}],"curies":[{"name":"wp","href":"https:\/\/api.w.org\/{rel}","templated":true}]}}