{"id":8129,"date":"2023-09-21T18:53:15","date_gmt":"2023-09-21T18:53:15","guid":{"rendered":"https:\/\/gintalevi.com\/product\/plauku-galvos-apdangalas\/"},"modified":"2025-06-09T21:19:41","modified_gmt":"2025-06-09T19:19:41","slug":"plauku-galvos-apdangalas","status":"publish","type":"product","link":"https:\/\/gintalevi.com\/lt\/produktas\/plauku-galvos-apdangalas\/","title":{"rendered":"Plauk\u0173 galvos apdangalas"},"content":{"rendered":"<div class=\"product-long-description\" style=\"padding: 1em;\">\n<h3>Produkto ap\u017evalga<\/h3>\n<p>Pasinerkite \u012f rafinuotos elegancijos pasaul\u012f su <strong>plauk\u0173 galvos juosta \u201eMediterr\u00e1neo<\/strong>\u201c!<br \/>\nSu meile rank\u0173 darbo Ispanijoje i\u0161 auk\u0161\u010diausios kokyb\u0117s 100% nat\u016bralaus \u0161ilko Seta, kiekviena galvos juosta yra unikalus,<br \/>\n riboto leidimo \u0161edevras, spinduliuojantis aistr\u0105, tikslum\u0105 ir nesenstant\u012f stili\u0173.<\/p>\n<p>Tai ne tik plauk\u0173 aksesuaras; Tai rafinuotumo parei\u0161kimas, kuris lepina j\u016bs\u0173 plaukus. Nat\u016bralus \u0161ilko glotnumas padeda apsaugoti plaukus nuo pa\u017eeidim\u0173, tod\u0117l atrodote ir jau\u010diat\u0117s pasaki\u0161kai. <\/p>\n<p><!-- Features & Benefits --><\/p>\n<h3 style=\"margin-top: 1.5em;\">Savyb\u0117s &amp;; Privalumai<\/h3>\n<ul class=\"features-list\" style=\"list-style: none; padding: 0;\">\n<li style=\"margin-bottom: 0.5em;\"><span class=\"check-icon\" style=\"margin-right: 0.5em;\">\u2713<\/span> <strong>Pure 100% Natural Silk Seta:<\/strong> m\u0117gaukit\u0117s prabangiu prisilietimu, nat\u016braliu blizgesiu ir ne\u012ftik\u0117tinu mink\u0161tumu, kur\u012f si\u016blo tik tikras Silk Seta. J\u016bs\u0173 plaukai jums pad\u0117kos! <\/li>\n<li style=\"margin-bottom: 0.5em;\"><span class=\"check-icon\" style=\"margin-right: 0.5em;\">\u2713<\/span> <strong>Rank\u0173 darbo meistri\u0161kumas:<\/strong> \ud83c\uddea\ud83c\uddf8 kruop\u0161\u010diai rank\u0173 darbo talenting\u0173 Ispanijos amatinink\u0173, u\u017etikrinant neprilygstam\u0105 kokyb\u0119, unikal\u0173 charakter\u012f ir kruop\u0161t\u0173 d\u0117mes\u012f detal\u0117ms kiekviename dygsnyje. Pagaminta Ispanijoje su meile! <\/li>\n<li style=\"margin-bottom: 0.5em;\"><span class=\"check-icon\" style=\"margin-right: 0.5em;\">\u2713<\/span> <strong>Ribotas leidimas ir unikalus:<\/strong> gaminamas i\u0161skirtiniais ma\u017eais kiekiais, garantuojant, kad j\u016bs\u0173 galvos juosta yra ypatingas ir originalus priedas, kaip ir j\u016bs.<\/li>\n<li style=\"margin-bottom: 0.5em;\"><span class=\"check-icon\" style=\"margin-right: 0.5em;\">\u2713<\/span> <strong>Geriausia plauk\u0173 apsauga:<\/strong> i\u0161skirtinai lygus \u0161ilko pavir\u0161ius suma\u017eina trint\u012f prie\u0161 plaukus, padeda suma\u017einti l\u016b\u017ein\u0117jim\u0105, skilin\u0117jan\u010dius galiukus, susiv\u0117limus ir erzinan\u010dias galvos juostos rauk\u0161les. Idealiai tinka vis\u0173 tip\u0173 plaukams, \u012fskaitant \u0161velnius ar apdorotus plaukus. <\/li>\n<li style=\"margin-bottom: 0.5em;\"><span class=\"check-icon\" style=\"margin-right: 0.5em;\">\u2713<\/span> <strong>Patogus ir saugus prigludimas:<\/strong> Sukurtas taip, kad u\u017etikrint\u0173 patog\u0173, bet saug\u0173 laikym\u0105, leid\u017eiant\u012f ne\u0161ioti vis\u0105 dien\u0105 be spaudimo ar diskomforto.<\/li>\n<li style=\"margin-bottom: 0.5em;\"><span class=\"check-icon\" style=\"margin-right: 0.5em;\">\u2713<\/span> <strong>Universalus ir pra\u0161matnus stilius:<\/strong> be vargo pakelia bet koki\u0105 i\u0161vaizd\u0105 \u2013 nuo kasdieni\u0173 dienini\u0173 drabu\u017ei\u0173 iki rafinuot\u0173 vakarini\u0173 ansambli\u0173. Puikus pasirinkimas moterims ir merginoms, ie\u0161kan\u010dioms elegancijos. <\/li>\n<\/ul>\n<p><!-- Premium Gift Packaging Section --><\/p>\n<h3 style=\"margin-top: 1.5em;\">Auk\u0161\u010diausios kokyb\u0117s dovan\u0173 pakuot\u0117<\/h3>\n<p>Pasiruo\u0161\u0119 k\u0105 nors prad\u017eiuginti (ar pasilepinti)?<br \/>\nM\u016bs\u0173 nuostabi auk\u0161\u010diausios kokyb\u0117s dovan\u0173 d\u0117\u017eut\u0117, pripildyta neabejotinos ispani\u0161kos nuojautos,<br \/>\n paver\u010dia \u0161i\u0105 gra\u017ei\u0105 galvos apdangal\u0105 nepamir\u0161tama dovana bet kokiai progai.<br \/>\nTai elegancija, boksas! Per\u017ei\u016br\u0117kite m\u016bs\u0173 nuostabius dovan\u0173 d\u0117\u017eut\u0117s vaizdus: <\/p>\n<div class=\"gift-images\" style=\"margin: 1em 0; display: flex; flex-wrap: wrap; gap: 10px;\"><img decoding=\"async\" style=\"max-width: 48%; height: auto; min-width: 200px;\" src=\"https:\/\/gintalevi.com\/wp-content\/uploads\/2023\/11\/IMG_1960_levels-scaled.jpg\" alt=\"Auk\u0161\u010diausios kokyb\u0117s ro\u017ein\u0117 GintaLevi dovan\u0173 d\u0117\u017eut\u0117\"><br \/>\n<img decoding=\"async\" style=\"max-width: 48%; height: auto; min-width: 200px;\" src=\"https:\/\/gintalevi.com\/wp-content\/uploads\/2023\/06\/IMG_1962_levels-2048x1365.jpg\" alt=\"Auk\u0161\u010diausios kokyb\u0117s \u201eGintaLevi\u201c \u0161ilko aksesuar\u0173 pakuot\u0117\"><\/div>\n<p><!-- Care Instructions --><\/p>\n<h3 style=\"margin-top: 1.5em;\">Prie\u017ei\u016bros instrukcijos<\/h3>\n<p>Laikykite savo <strong>plauk\u0173 galvos juost\u0105 \u201eMediterr\u00e1neo<\/strong>\u201c pasaki\u0161kai ateinan\u010diais metais: <\/p>\n<ol style=\"padding-left: 20px;\">\n<li style=\"margin-bottom: 0.5em;\">\u0160velniai plaukite rankas \u0161altame vandenyje (ne daugiau kaip 30 \u00b0C), naudodami \u0161veln\u0173, \u0161ilkui draugi\u0161k\u0105 plovikl\u012f.<\/li>\n<li style=\"margin-bottom: 0.5em;\">Negalima sukti ar sukti. \u0160velniai i\u0161spauskite vandens pertekli\u0173. <\/li>\n<li style=\"margin-bottom: 0.5em;\">Paguldykite plok\u0161\u010di\u0105, kad i\u0161d\u017ei\u016bt\u0173 ant rank\u0161luos\u010dio, atokiau nuo tiesiogini\u0173 saul\u0117s spinduli\u0173 ar kar\u0161\u010dio. Venkite d\u017eiovinimo ma\u0161inoje! <\/li>\n<li style=\"margin-bottom: 0.5em;\">Jei reikia, lyginkite ant labai \u017eemo nustatymo (\u0161ilko nustatymo) kitoje pus\u0117je arba per audin\u012f, vengdami tiesioginio kar\u0161\u010dio ant bet koki\u0173 pagra\u017einim\u0173 ar pa\u010dios juostos strukt\u016bros, jei ji standi.<\/li>\n<\/ol>\n<p><!-- Why Choose Hair Headband Mediterr\u00e1neo? --><\/p>\n<h3 style=\"margin-top: 1.5em;\">Kod\u0117l verta rinktis plauk\u0173 galvos apdangal\u0105 Mediterr\u00e1neo?<\/h3>\n<p>Nes j\u016bs nusipeln\u0117te aksesuaro, kuris b\u016bt\u0173 ne tik stilingas, bet ir nepaprastai malonus j\u016bs\u0173 plaukams!<br \/>\n<strong>\u201eHair Headband Mediterr\u00e1neo<\/strong>\u201c yra daugiau nei tik galvos juosta;<br \/>\nTai investicija \u012f j\u016bs\u0173 plauk\u0173 sveikat\u0105, komfort\u0105 ir unikal\u0173 asmenin\u012f stili\u0173.<\/p>\n<p>Jis gra\u017eiai sujungia \u017eaisming\u0105 ispani\u0161k\u0105 \u017eaves\u012f (\ud83c\uddea\ud83c\uddf8 Made with love!) su rafinuota elegancija,<br \/>\n suma\u017eindamas plauk\u0173 pa\u017eeidimus ir prid\u0117damas j\u016bs\u0173 i\u0161vaizdai <strong>b\u016bdingo pra\u0161matnumo<\/strong> .<\/p>\n<p>Nesvarbu, ar vai\u0161inat\u0117s savimi, ar dovanojate ypating\u0105 \u017emog\u0173, \u0161is galvos apdangalas daug kalba apie kokyb\u0119, i\u0161skirtinum\u0105 ir meil\u0119 gra\u017eiai pagamintiems aksesuarams.<\/p>\n<p><!-- Call to Action --><\/p>\n<h3 style=\"margin-top: 1.5em; text-align: center;\">\nPasiruo\u0161\u0119 \u0161ilkin\u0117s elegancijos prisilietimui?<\/h3>\n<p style=\"text-align: center; font-style: italic; font-size: 1.1em;\">Palepinkite save ar k\u0105 nors ypatingo nuostabia ispani\u0161ko \u0161ilko prabanga! <strong>U\u017esisakykite plauk\u0173 galvos apdangal\u0105 \u201eMediterr\u00e1neo<\/strong>\u201c \u0161iandien ir pakelkite savo stili\u0173 puosel\u0117dami plaukus! \u2728 <\/p>\n<\/div>\n","protected":false},"excerpt":{"rendered":"<div class=\"product-short-description\" style=\"padding: 1em;\">\nPatobulinkite savo \u0161ukuosen\u0105 naudodami m\u016bs\u0173 i\u0161skirtin\u0119<br \/>\nplauk\u0173 galvos apdangal\u0105 \u201eMediterr\u00e1neo\u201c &#8211; <strong>riboto leidimo aksesuar\u0105<\/strong> , pagamint\u0105 i\u0161 prabangaus 100% nat\u016bralaus \u0161ilko \u201eSeta\u201c,<br \/>\n kruop\u0161\u010diai rank\u0173 darbo Ispanijoje, kad u\u017etikrintum\u0117te i\u0161skirtin\u0119 elegancij\u0105, komfort\u0105 ir plauk\u0173 apsaug\u0105.<\/p>\n<p>\ud83c\uddea\ud83c\uddf8 Pagaminta Ispanijoje su meile.<\/p>\n<ul class=\"features-list\" style=\"list-style: none; padding: 0; margin-top: 0.5em;\">\n<li style=\"margin-bottom: 0.5em;\"><span class=\"check-icon\" style=\"margin-right: 0.5em;\">\u2713<\/span><strong>100% nat\u016bralus \u0161ilko seta<\/strong> \u2013 nat\u016braliai lygus, apsaugo nuo plauk\u0173 l\u016b\u017ein\u0117jimo, suma\u017eina trint\u012f ir rauk\u0161les.<\/li>\n<li style=\"margin-bottom: 0.5em;\"><span class=\"check-icon\" style=\"margin-right: 0.5em;\">\u2713<\/span> <strong>Rank\u0173 darbo su prie\u017ei\u016bra<\/strong> \u2013 pagaminta kvalifikuot\u0173 amatinink\u0173, kad b\u016bt\u0173 u\u017etikrinta unikali, auk\u0161tos kokyb\u0117s apdaila.<\/li>\n<li style=\"margin-bottom: 0.5em;\"><span class=\"check-icon\" style=\"margin-right: 0.5em;\">\u2713<\/span> <strong>Ribotas leidimas<\/strong> \u2013 i\u0161skirtinis dizainas, u\u017etikrinantis, kad j\u016bs\u0173 stilius i\u0161liks i\u0161skirtinis.<\/li>\n<li style=\"margin-bottom: 0.5em;\"><span class=\"check-icon\" style=\"margin-right: 0.5em;\">\u2713<\/span> <strong>Draugi\u0161kas plaukams ir \u0161velnus<\/strong> \u2013 skland\u017eiai slysta per plaukus, netraukdamas ir neu\u017ekliudydamas, puikiai tinka vis\u0173 tip\u0173 plaukams.<\/li>\n<li style=\"margin-bottom: 0.5em;\"><span class=\"check-icon\" style=\"margin-right: 0.5em;\">\u2713Puikiai<\/span> <strong>tinka moterims ir mergait\u0117ms<\/strong> \u2013 gra\u017eus ir prakti\u0161kas aksesuaras bet kokiam am\u017eiui.<\/li>\n<\/ul>\n<\/div>\n","protected":false},"featured_media":8134,"comment_status":"open","ping_status":"closed","template":"","meta":{"_monsterinsights_skip_tracking":false,"_monsterinsights_sitenote_active":false,"_monsterinsights_sitenote_note":"","_monsterinsights_sitenote_category":0},"product_brand":[],"product_cat":[123],"product_tag":[],"class_list":{"0":"post-8129","1":"product","2":"type-product","3":"status-publish","4":"has-post-thumbnail","6":"product_cat-plauku-galvos-apdangalas","7":"yith_product_brand-ginta-levi","9":"first","10":"instock","11":"taxable","12":"shipping-taxable","13":"purchasable","14":"product-type-simple"},"aioseo_notices":[],"_links":{"self":[{"href":"https:\/\/gintalevi.com\/lt\/wp-json\/wp\/v2\/product\/8129","targetHints":{"allow":["GET"]}}],"collection":[{"href":"https:\/\/gintalevi.com\/lt\/wp-json\/wp\/v2\/product"}],"about":[{"href":"https:\/\/gintalevi.com\/lt\/wp-json\/wp\/v2\/types\/product"}],"replies":[{"embeddable":true,"href":"https:\/\/gintalevi.com\/lt\/wp-json\/wp\/v2\/comments?post=8129"}],"version-history":[{"count":1,"href":"https:\/\/gintalevi.com\/lt\/wp-json\/wp\/v2\/product\/8129\/revisions"}],"predecessor-version":[{"id":10072,"href":"https:\/\/gintalevi.com\/lt\/wp-json\/wp\/v2\/product\/8129\/revisions\/10072"}],"wp:featuredmedia":[{"embeddable":true,"href":"https:\/\/gintalevi.com\/lt\/wp-json\/wp\/v2\/media\/8134"}],"wp:attachment":[{"href":"https:\/\/gintalevi.com\/lt\/wp-json\/wp\/v2\/media?parent=8129"}],"wp:term":[{"taxonomy":"product_brand","embeddable":true,"href":"https:\/\/gintalevi.com\/lt\/wp-json\/wp\/v2\/product_brand?post=8129"},{"taxonomy":"product_cat","embeddable":true,"href":"https:\/\/gintalevi.com\/lt\/wp-json\/wp\/v2\/product_cat?post=8129"},{"taxonomy":"product_tag","embeddable":true,"href":"https:\/\/gintalevi.com\/lt\/wp-json\/wp\/v2\/product_tag?post=8129"}],"curies":[{"name":"wp","href":"https:\/\/api.w.org\/{rel}","templated":true}]}}