{"id":8163,"date":"2023-08-11T12:31:39","date_gmt":"2023-08-11T12:31:39","guid":{"rendered":"https:\/\/gintalevi.com\/product\/naturalaus-silko-be-karscio-garbanojimo-rinkinys-4-sezonai\/"},"modified":"2023-08-11T12:31:39","modified_gmt":"2023-08-11T12:31:39","slug":"naturalaus-silko-be-karscio-garbanojimo-rinkinys-4-sezonai","status":"publish","type":"product","link":"https:\/\/gintalevi.com\/lt\/produktas\/naturalaus-silko-be-karscio-garbanojimo-rinkinys-4-sezonai\/","title":{"rendered":"Nat\u016bralaus \u0161ilko be kar\u0161\u010dio garbanojimo rinkinys 4 sezonai"},"content":{"rendered":"<p style=\"margin: 0in; font-family: Calibri; font-size: 11.0pt;\">Ar galima tur\u0117ti garbanotus plaukus nenaudojant kar\u0161\u010dio suktuko?<\/p>\n<p style=\"margin: 0in; font-family: Calibri; font-size: 11.0pt;\">O taip, su m\u016bs\u0173 \u0161ilko garbanojimo rinkiniu be kar\u0161\u010dio!<\/p>\n<p style=\"margin: 0in; font-family: Calibri; font-size: 11.0pt;\">Rinkin\u012f sudaro:<\/p>\n<p style=\"margin: 0in; font-family: Calibri; font-size: 11.0pt;\">*\u0160ilkinis galvos apdangalas;<\/p>\n<p style=\"margin: 0in; font-family: Calibri; font-size: 11.0pt;\">*dvi \u0161ilkin\u0117s plauk\u0173 sruogos;<\/p>\n<p style=\"margin: 0in; font-family: Calibri; font-size: 11.0pt;\">* plauk\u0173 volelis.<\/p>\n<p style=\"margin: 0in; font-family: Calibri; font-size: 11.0pt;\">Kaip naudoti:<\/p>\n<p style=\"margin: 0in; font-family: Calibri; font-size: 11.0pt;\">Ant ma\u017edaug 70 % dr\u0117gn\u0173 plauk\u0173 u\u017etepkite \u012fprastos arba stiprios fiksacijos plauk\u0173 formavimo put\u0173 ir prad\u0117kite formuoti garbanas su m\u016bs\u0173 rinkiniu. U\u017etep\u0119 plauk\u0173 formavimo put\u0173 \u012fsitikinkite, kad tinkamai i\u0161\u0161ukavote plaukus.<\/p>\n<p style=\"margin: 0in; font-family: Calibri; font-size: 11.0pt;\">Padalykite plaukus \u012f dvi dalis. Galvos centre, kaktos link, u\u017ed\u0117kite volel\u012f, o jo viduryje perverkite \u0161ilkin\u012f galvos rai\u0161t\u012f. Apsukite plaukus aplink garbanojimo stryp\u0105 iki galo ir pritvirtinkite juos \u0161ilkine plauk\u0173 sruoga. Pakartokite ant kitos pus\u0117s ir suri\u0161kite galus ant vir\u0161ugalvio.<\/p>\n<p style=\"margin: 0in; font-family: Calibri; font-size: 11.0pt;\">Su \u0161iuo \u0161ilko garbanojimo rinkiniu galite patogiai eiti miegoti arba leisti plaukams visi\u0161kai i\u0161d\u017ei\u016bti. Nuimkite stryp\u0105 ir lengvai formuokite nat\u016braliai gra\u017eias garbanas ryte arba vakare.<\/p>\n<p style=\"margin: 0in; font-family: Calibri; font-size: 11.0pt;\">\u0160ilko med\u017eiaga neabsorbuoja plauk\u0173 dr\u0117gm\u0117s, tod\u0117l plaukai nesipainios ir bus glotn\u016bs!<\/p>\n<p style=\"margin: 0in; font-family: Calibri; font-size: 11.0pt;\">Kadangi be kar\u0161\u010dio plauk\u0173 garbanojimo rinkinys pagamintas i\u0161 \u0161ilko med\u017eiagos, jis nebus nepatogus ar sunkus j\u016bs\u0173 plaukams, o geriausia tai, kad jis nepa\u017eeid\u017eia j\u016bs\u0173 plauk\u0173!<\/p>\n","protected":false},"excerpt":{"rendered":"<p>Tai puikus rinkinys, padedantis pasir\u016bpinti plaukais ir 100 % \u0161ilko!<\/p>\n<p style=\"margin: 0in; font-family: Calibri; font-size: 11.0pt;\">Rinkin\u012f sudaro:<\/p>\n<p style=\"margin: 0in; font-family: Calibri; font-size: 11.0pt;\">*\u0160ilkinis galvos apdangalas;<\/p>\n<p style=\"margin: 0in; font-family: Calibri; font-size: 11.0pt;\">*dvi \u0161ilkin\u0117s plauk\u0173 sruogos;<\/p>\n<p style=\"margin: 0in; font-family: Calibri; font-size: 11.0pt;\">* plauk\u0173 volelis.<\/p>\n","protected":false},"featured_media":8178,"comment_status":"open","ping_status":"closed","template":"","meta":{"_monsterinsights_skip_tracking":false,"_monsterinsights_sitenote_active":false,"_monsterinsights_sitenote_note":"","_monsterinsights_sitenote_category":0},"product_brand":[],"product_cat":[131],"product_tag":[],"class_list":{"0":"post-8163","1":"product","2":"type-product","3":"status-publish","4":"has-post-thumbnail","6":"product_cat-karscio-nereikalaujantis-garbanojimas","8":"first","9":"instock","10":"taxable","11":"shipping-taxable","12":"purchasable","13":"product-type-variable"},"aioseo_notices":[],"_links":{"self":[{"href":"https:\/\/gintalevi.com\/lt\/wp-json\/wp\/v2\/product\/8163","targetHints":{"allow":["GET"]}}],"collection":[{"href":"https:\/\/gintalevi.com\/lt\/wp-json\/wp\/v2\/product"}],"about":[{"href":"https:\/\/gintalevi.com\/lt\/wp-json\/wp\/v2\/types\/product"}],"replies":[{"embeddable":true,"href":"https:\/\/gintalevi.com\/lt\/wp-json\/wp\/v2\/comments?post=8163"}],"version-history":[{"count":0,"href":"https:\/\/gintalevi.com\/lt\/wp-json\/wp\/v2\/product\/8163\/revisions"}],"wp:featuredmedia":[{"embeddable":true,"href":"https:\/\/gintalevi.com\/lt\/wp-json\/wp\/v2\/media\/8178"}],"wp:attachment":[{"href":"https:\/\/gintalevi.com\/lt\/wp-json\/wp\/v2\/media?parent=8163"}],"wp:term":[{"taxonomy":"product_brand","embeddable":true,"href":"https:\/\/gintalevi.com\/lt\/wp-json\/wp\/v2\/product_brand?post=8163"},{"taxonomy":"product_cat","embeddable":true,"href":"https:\/\/gintalevi.com\/lt\/wp-json\/wp\/v2\/product_cat?post=8163"},{"taxonomy":"product_tag","embeddable":true,"href":"https:\/\/gintalevi.com\/lt\/wp-json\/wp\/v2\/product_tag?post=8163"}],"curies":[{"name":"wp","href":"https:\/\/api.w.org\/{rel}","templated":true}]}}