{"id":8225,"date":"2023-08-09T12:30:54","date_gmt":"2023-08-09T12:30:54","guid":{"rendered":"https:\/\/gintalevi.com\/product\/naturalaus-silko-salikas-3-skirtingu-spalvu\/"},"modified":"2023-08-09T12:30:54","modified_gmt":"2023-08-09T12:30:54","slug":"naturalaus-silko-salikas-3-skirtingu-spalvu","status":"publish","type":"product","link":"https:\/\/gintalevi.com\/lt\/produktas\/naturalaus-silko-salikas-3-skirtingu-spalvu\/","title":{"rendered":"Nat\u016bralaus \u0161ilko \u0161alikas 3 skirting\u0173 spalv\u0173"},"content":{"rendered":"<p style=\"margin: 0in; font-family: Calibri; font-size: 11.0pt;\">\u0160\u012f nuostab\u0173 \u0161ilko \u0161alik\u0105 galite d\u0117v\u0117ti \u012fvairiais b\u016bdais!<\/p>\n<p style=\"margin: 0in; font-family: Calibri; font-size: 11.0pt;\">Pirmiausia j\u012f galima naudoti kaip i\u0161skirtin\u0119 aprangos detal\u0119, pavyzd\u017eiui, susiri\u0161ti rankin\u0119, d\u017einsus ar net plaukus!<\/p>\n<p style=\"margin: 0in; font-family: Calibri; font-size: 11.0pt;\">\u0160\u012f gamin\u012f tinka naudoti \u0161altuoju met\u0173 laiku, kad su\u0161ildyt\u0173 kakl\u0105, taip pat \u0161iltuoju met\u0173 laiku, kad apsaugot\u0173 plaukus nuo UV spinduli\u0173.<\/p>\n<p style=\"margin: 0in; font-family: Calibri; font-size: 11.0pt;\">Nuostabu, kad vien\u0105 gamin\u012f galima naudoti \u012fvairiais b\u016bdais, nes \u0161ilko med\u017eiaga padeda reguliuoti k\u016bno temperat\u016br\u0105 ir palaikyti k\u016bno ir odos hidratacij\u0105.<\/p>\n","protected":false},"excerpt":{"rendered":"<p>100 % nat\u016bralus \u0161ilkas.<\/p>\n<p>Geras pasirinkimas \u012fvairioms progoms.<\/p>\n<p>Dydis 65 x 66 cm.<\/p>\n","protected":false},"featured_media":8248,"comment_status":"open","ping_status":"closed","template":"","meta":{"_monsterinsights_skip_tracking":false,"_monsterinsights_sitenote_active":false,"_monsterinsights_sitenote_note":"","_monsterinsights_sitenote_category":0},"product_brand":[],"product_cat":[133],"product_tag":[],"class_list":{"0":"post-8225","1":"product","2":"type-product","3":"status-publish","4":"has-post-thumbnail","6":"product_cat-salikas","8":"first","9":"instock","10":"taxable","11":"shipping-taxable","12":"purchasable","13":"product-type-variable"},"aioseo_notices":[],"_links":{"self":[{"href":"https:\/\/gintalevi.com\/lt\/wp-json\/wp\/v2\/product\/8225","targetHints":{"allow":["GET"]}}],"collection":[{"href":"https:\/\/gintalevi.com\/lt\/wp-json\/wp\/v2\/product"}],"about":[{"href":"https:\/\/gintalevi.com\/lt\/wp-json\/wp\/v2\/types\/product"}],"replies":[{"embeddable":true,"href":"https:\/\/gintalevi.com\/lt\/wp-json\/wp\/v2\/comments?post=8225"}],"version-history":[{"count":0,"href":"https:\/\/gintalevi.com\/lt\/wp-json\/wp\/v2\/product\/8225\/revisions"}],"wp:featuredmedia":[{"embeddable":true,"href":"https:\/\/gintalevi.com\/lt\/wp-json\/wp\/v2\/media\/8248"}],"wp:attachment":[{"href":"https:\/\/gintalevi.com\/lt\/wp-json\/wp\/v2\/media?parent=8225"}],"wp:term":[{"taxonomy":"product_brand","embeddable":true,"href":"https:\/\/gintalevi.com\/lt\/wp-json\/wp\/v2\/product_brand?post=8225"},{"taxonomy":"product_cat","embeddable":true,"href":"https:\/\/gintalevi.com\/lt\/wp-json\/wp\/v2\/product_cat?post=8225"},{"taxonomy":"product_tag","embeddable":true,"href":"https:\/\/gintalevi.com\/lt\/wp-json\/wp\/v2\/product_tag?post=8225"}],"curies":[{"name":"wp","href":"https:\/\/api.w.org\/{rel}","templated":true}]}}