{"id":8530,"date":"2023-06-12T09:17:16","date_gmt":"2023-06-12T09:17:16","guid":{"rendered":"https:\/\/gintalevi.com\/product\/naturalaus-silko-akiniu-laikiklis-merlin\/"},"modified":"2025-06-09T21:19:27","modified_gmt":"2025-06-09T19:19:27","slug":"naturalaus-silko-akiniu-laikiklis-merlin","status":"publish","type":"product","link":"https:\/\/gintalevi.com\/lt\/produktas\/naturalaus-silko-akiniu-laikiklis-merlin\/","title":{"rendered":"Nat\u016bralaus \u0161ilko akini\u0173 laikiklis &#8222;Merlin"},"content":{"rendered":"<div class=\"product-long-description\" style=\"padding: 1em;\">\n<h3>Produkto ap\u017evalga<\/h3>\n<p>Pasinerkite \u012f rafinuoto stiliaus pasaul\u012f su <strong>nat\u016bralaus \u0161ilko akini\u0173 laikikliu \u201eElegance White<\/strong>\u201c!<br \/>\nRank\u0173 darbo su meile Ispanijoje, \u0161is i\u0161skirtinis aksesuaras sujungia auk\u0161\u010diausios kokyb\u0117s 100% nat\u016bral\u0173 \u0161ilk\u0105 su patvaria, eleganti\u0161ka grandine. Kiekvienas laikiklis yra unikalus,<br \/>\n riboto leidimo k\u016brinys, spinduliuojantis aistr\u0105 ir precizi\u0161kum\u0105. <\/p>\n<p>Tai ne tik u\u017etikrina j\u016bs\u0173 akini\u0173 saugum\u0105 ir pasiekiamum\u0105; tai paver\u010dia juos stiliaus parei\u0161kimu, panaudodama prabang\u0173 gryno \u0161ilko poj\u016bt\u012f ir pra\u0161matn\u0173 gerai sukurtos grandin\u0117s patrauklum\u0105. Atsisveikinkite su pamestais akiniais ir pasisveikinkite su lengva elegancija! <\/p>\n<p><!-- Features & Benefits --><\/p>\n<h3 style=\"margin-top: 1.5em;\">Savyb\u0117s &amp;; Privalumai<\/h3>\n<ul class=\"features-list\" style=\"list-style: none; padding: 0;\">\n<li style=\"margin-bottom: 0.5em;\"><span class=\"check-icon\" style=\"margin-right: 0.5em;\">\u2713<\/span> <strong>Grynas nat\u016bralus \u0161ilkas:<\/strong> m\u0117gaukit\u0117s prabangiu nat\u016bralaus \u0161ilko prisilietimu ir mink\u0161tumu ten, kur jis susitinka su j\u016bs\u0173 oda, u\u017etikrindamas komfort\u0105 ir prabangos br\u016bk\u0161n\u012f.<\/li>\n<li style=\"margin-bottom: 0.5em;\"><span class=\"check-icon\" style=\"margin-right: 0.5em;\">\u2713<\/span> <strong>Eleganti\u0161ka grandin\u0117s detal\u0117:<\/strong> gra\u017eiai integruota grandin\u0117 suteikia rafinuot\u0105 ir modern\u0173 prisilietim\u0105, u\u017etikrindama patvarum\u0105 ir atrodydama be vargo pra\u0161matniai.<\/li>\n<li style=\"margin-bottom: 0.5em;\"><span class=\"check-icon\" style=\"margin-right: 0.5em;\">\u2713<\/span> <strong>Rank\u0173 darbo meistri\u0161kumas:<\/strong> \ud83c\uddea\ud83c\uddf8 Meiliai rank\u0173 darbo, u\u017etikrinantis neprilygstam\u0105 kokyb\u0119, charakter\u012f ir d\u0117mes\u012f detal\u0117ms kiekviename k\u016brinyje. Pagaminta Ispanijoje su meile! <\/li>\n<li style=\"margin-bottom: 0.5em;\"><span class=\"check-icon\" style=\"margin-right: 0.5em;\">\u2713<\/span> <strong>Ribotas leidimas:<\/strong> gaminamas i\u0161skirtin\u0117mis ma\u017eomis partijomis, garantuojant, kad j\u016bs\u0173 priedas yra toks pat unikalus ir ypatingas, kaip ir j\u016bs. Nepraleiskite progos! <\/li>\n<li style=\"margin-bottom: 0.5em;\"><span class=\"check-icon\" style=\"margin-right: 0.5em;\">\u2713<\/span> <strong>Universalus pritaikymas &amp;; stilius:<\/strong> sukurtas taip, kad tikt\u0173 bet kokio modelio akiniams, be vargo pakeliant j\u016bs\u0173 i\u0161vaizd\u0105. Puikiai tinka akiniams nuo saul\u0117s \u0161viesiomis dienomis arba skaitymo akiniams kasdieniam patogumui. <\/li>\n<li style=\"margin-bottom: 0.5em;\"><span class=\"check-icon\" style=\"margin-right: 0.5em;\">\u2713<\/span> <strong>Praktin\u0117 elegancija:<\/strong> i\u0161laiko j\u016bs\u0173 akinius saugius ir lengvai prieinamus, apsaugo nuo praradimo ar sugadinimo, tuo pa\u010diu tarnaudama kaip nuostabi j\u016bs\u0173 asmeninio stiliaus detal\u0117.<\/li>\n<\/ul>\n<p><!-- Premium Gift Packaging Section --><\/p>\n<h3 style=\"margin-top: 1.5em;\">Auk\u0161\u010diausios kokyb\u0117s dovan\u0173 pakuot\u0117<\/h3>\n<p>Pasiruo\u0161\u0119 k\u0105 nors (ar save) su\u017eav\u0117ti?<br \/>\nM\u016bs\u0173 nuostabi auk\u0161\u010diausios kokyb\u0117s dovan\u0173 d\u0117\u017eut\u0117, pripildyta neabejotinos ispani\u0161kos nuojautos,<br \/>\n paver\u010dia \u0161\u012f gra\u017e\u0173 akini\u0173 laikikl\u012f nepamir\u0161tama dovana bet kokiai \u0161ventei.<br \/>\nTai elegancija, boksas! Per\u017ei\u016br\u0117kite m\u016bs\u0173 nuostabius dovan\u0173 d\u0117\u017eut\u0117s vaizdus \u017eemiau: <\/p>\n<div class=\"gift-images\" style=\"margin: 1em 0; display: flex; flex-wrap: wrap; gap: 10px;\"><img decoding=\"async\" style=\"max-width: 48%; height: auto; min-width: 200px;\" src=\"https:\/\/gintalevi.com\/wp-content\/uploads\/2023\/11\/IMG_1960_levels-scaled.jpg\" alt=\"Auk\u0161\u010diausios kokyb\u0117s ro\u017ein\u0117 GintaLevi dovan\u0173 d\u0117\u017eut\u0117\"><br \/>\n<img decoding=\"async\" style=\"max-width: 48%; height: auto; min-width: 200px;\" src=\"https:\/\/gintalevi.com\/wp-content\/uploads\/2023\/06\/IMG_1962_levels-2048x1365.jpg\" alt=\"Auk\u0161\u010diausios kokyb\u0117s \u201eGintaLevi\u201c \u0161ilko aksesuar\u0173 pakuot\u0117\"><\/div>\n<p><!-- Care Instructions --><\/p>\n<h3 style=\"margin-top: 1.5em;\">Prie\u017ei\u016bros instrukcijos<\/h3>\n<p>Laikykite savo <strong>nat\u016bralaus \u0161ilko akini\u0173 laikikl\u012f Elegance Balt\u0173<\/strong> akini\u0173 laikiklis atrodo pasaki\u0161kai: <\/p>\n<ol style=\"padding-left: 20px;\">\n<li style=\"margin-bottom: 0.5em;\">\u0160ilko dalims: \u0160velniai plaukite rankomis \u0161altame vandenyje (ne daugiau kaip 30 \u00b0C), naudodami \u0161veln\u0173, \u0161ilkui nekenksming\u0105 plovikl\u012f.<\/li>\n<li style=\"margin-bottom: 0.5em;\">Venkite pernelyg dr\u0117kinti grandin\u0119. Jei jis su\u0161lapo, nusausinkite mink\u0161tu skudur\u0117liu. <\/li>\n<li style=\"margin-bottom: 0.5em;\">\u0160ilko nevyniokite ir nesukite. \u0160velniai i\u0161spauskite vandens pertekli\u0173 i\u0161 \u0161ilko dali\u0173. <\/li>\n<li style=\"margin-bottom: 0.5em;\">Paguldykite plok\u0161\u010di\u0105, kad i\u0161d\u017ei\u016bt\u0173 ant rank\u0161luos\u010dio, atokiau nuo tiesiogini\u0173 saul\u0117s spinduli\u0173 ar kar\u0161\u010dio. Venkite d\u017eiovinimo ma\u0161inoje! <\/li>\n<li style=\"margin-bottom: 0.5em;\">Jei reikia, \u0161ilko dalis lyginkite ant \u017eemo nustatymo (\u0161ilko nustatymo) kitoje pus\u0117je, \u0161iek tiek dr\u0117gnoje, vengdami grandin\u0117s.<\/li>\n<\/ol>\n<p><!-- Why Choose Natural Silk Glasses Holder Elegance White? --><\/p>\n<h3 style=\"margin-top: 1.5em;\">Kod\u0117l verta rinktis nat\u016bralaus \u0161ilko akini\u0173 laikikl\u012f Elegance White?<\/h3>\n<p>Nes j\u016bs nusipeln\u0117te kasdien\u0117s prabangos, kuri yra ir prakti\u0161ka, ir ne\u012ftik\u0117tinai stilinga!<br \/>\n<strong>Nat\u016bralaus \u0161ilko akini\u0173 laikiklis \u201eElegance White<\/strong>\u201c yra ne tik aksesuaras;<br \/>\nTai investicija \u012f j\u016bs\u0173 stili\u0173 ir m\u0117gstam\u0173 akini\u0173 ilgaam\u017ei\u0161kum\u0105.<\/p>\n<p>Jame \u017eaismingas ispani\u0161kas \u017eavesys (\ud83c\uddea\ud83c\uddf8 \u201eMade with love!\u201c) susipina su rafinuota elegancija,<br \/>\n akiniai i\u0161lieka patog\u016bs, o j\u016bs\u0173 i\u0161vaizdai suteikia <strong>nesenstan\u010dios klasikin\u0117s elegancijos<\/strong> .<\/p>\n<p>Nesvarbu, ar vai\u0161inate save, ar dovanojate lob\u012f, \u0161is akini\u0173 laikiklis daug kalba apie kokyb\u0119, i\u0161skirtinum\u0105 ir meil\u0119 gra\u017eiam, funkcionaliam dizainui.<\/p>\n<p><!-- Call to Action --><\/p>\n<h3 style=\"margin-top: 1.5em; text-align: center;\">Pasiruo\u0161\u0119 \u0161ilko ir stiliaus prisilietimui?<\/h3>\n<p style=\"text-align: center; font-style: italic; font-size: 1.1em;\">Palepinkite save ar k\u0105 nors ypatingo nuostabia ispan\u0173 meistri\u0161kumo prabanga! U\u017esisakykite <strong>nat\u016bralaus \u0161ilko akini\u0173 laikikl\u012f \u201eElegance White\u201c<\/strong> \u0161iandien ir i\u0161laikykite savo akinius pra\u0161matnius ir saugius! \u2728 <\/p>\n<\/div>\n","protected":false},"excerpt":{"rendered":"<div class=\"product-short-description\" style=\"padding: 1em;\">\n<p>Patobulinkite savo akini\u0173 \u017eaidim\u0105 su m\u016bs\u0173 i\u0161skirtiniu<br \/>\nnat\u016bralaus \u0161ilko akini\u0173 laikikliu \u201eElegance White\u201c &#8211; <strong>riboto leidimo aksesuaru<\/strong> , pagamintu i\u0161 100 % nat\u016bralaus \u0161ilko, ir stilinga grandine, kruop\u0161\u010diai rank\u0173 darbo,<br \/>\n u\u017etikrinan\u010dia i\u0161skirtin\u0119 prabang\u0105, stili\u0173 ir funkcionalum\u0105.<\/p>\n<p>\ud83c\uddea\ud83c\uddf8 Pagaminta Ispanijoje su meile.<\/p>\n<ul class=\"features-list\" style=\"list-style: none; padding: 0; margin-top: 0.5em;\">\n<li style=\"margin-bottom: 0.5em;\"><span class=\"check-icon\" style=\"margin-right: 0.5em;\">\u2713<\/span><strong>100% nat\u016bralus \u0161ilkas ir pra\u0161matni grandin\u0117l\u0117<\/strong> \u2013 \u0161velnus j\u016bs\u0173 odai, neleid\u017eia akiniams paslysti ir suteikia elegancijos.<\/li>\n<li style=\"margin-bottom: 0.5em;\"><span class=\"check-icon\" style=\"margin-right: 0.5em;\">\u2713<\/span> <strong>Rank\u0173 darbo su prie\u017ei\u016bra<\/strong> \u2013 pagaminta kvalifikuot\u0173 amatinink\u0173, kad b\u016bt\u0173 u\u017etikrinta unikali, auk\u0161tos kokyb\u0117s apdaila.<\/li>\n<li style=\"margin-bottom: 0.5em;\"><span class=\"check-icon\" style=\"margin-right: 0.5em;\">\u2713<\/span> <strong>Ribotas leidimas<\/strong> \u2013 i\u0161skirtinis dizainas, kad j\u016bs\u0173 stilius i\u0161siskirt\u0173.<\/li>\n<li style=\"margin-bottom: 0.5em;\"><span class=\"check-icon\" style=\"margin-right: 0.5em;\">\u2713<\/span> <strong>Saugus ir stilingas<\/strong> \u2013 u\u017etikrina j\u016bs\u0173 akini\u0173 saugum\u0105 ir prieinamum\u0105, tuo pa\u010diu pagerindamas j\u016bs\u0173 i\u0161vaizd\u0105. Puikiai tinka saul\u0117toms dienoms ir kasdieniam pra\u0161matnumui. <\/li>\n<\/ul>\n<\/div>\n","protected":false},"featured_media":8531,"comment_status":"open","ping_status":"closed","template":"","meta":{"_monsterinsights_skip_tracking":false,"_monsterinsights_sitenote_active":false,"_monsterinsights_sitenote_note":"","_monsterinsights_sitenote_category":0},"product_brand":[],"product_cat":[125],"product_tag":[],"class_list":{"0":"post-8530","1":"product","2":"type-product","3":"status-publish","4":"has-post-thumbnail","6":"product_cat-akiniu-laikiklis","7":"yith_product_brand-ginta-levi","9":"first","10":"instock","11":"taxable","12":"shipping-taxable","13":"purchasable","14":"product-type-simple"},"aioseo_notices":[],"_links":{"self":[{"href":"https:\/\/gintalevi.com\/lt\/wp-json\/wp\/v2\/product\/8530","targetHints":{"allow":["GET"]}}],"collection":[{"href":"https:\/\/gintalevi.com\/lt\/wp-json\/wp\/v2\/product"}],"about":[{"href":"https:\/\/gintalevi.com\/lt\/wp-json\/wp\/v2\/types\/product"}],"replies":[{"embeddable":true,"href":"https:\/\/gintalevi.com\/lt\/wp-json\/wp\/v2\/comments?post=8530"}],"version-history":[{"count":1,"href":"https:\/\/gintalevi.com\/lt\/wp-json\/wp\/v2\/product\/8530\/revisions"}],"predecessor-version":[{"id":10041,"href":"https:\/\/gintalevi.com\/lt\/wp-json\/wp\/v2\/product\/8530\/revisions\/10041"}],"wp:featuredmedia":[{"embeddable":true,"href":"https:\/\/gintalevi.com\/lt\/wp-json\/wp\/v2\/media\/8531"}],"wp:attachment":[{"href":"https:\/\/gintalevi.com\/lt\/wp-json\/wp\/v2\/media?parent=8530"}],"wp:term":[{"taxonomy":"product_brand","embeddable":true,"href":"https:\/\/gintalevi.com\/lt\/wp-json\/wp\/v2\/product_brand?post=8530"},{"taxonomy":"product_cat","embeddable":true,"href":"https:\/\/gintalevi.com\/lt\/wp-json\/wp\/v2\/product_cat?post=8530"},{"taxonomy":"product_tag","embeddable":true,"href":"https:\/\/gintalevi.com\/lt\/wp-json\/wp\/v2\/product_tag?post=8530"}],"curies":[{"name":"wp","href":"https:\/\/api.w.org\/{rel}","templated":true}]}}