{"id":8828,"date":"2023-06-05T17:12:48","date_gmt":"2023-06-05T17:12:48","guid":{"rendered":"https:\/\/gintalevi.com\/product\/melynasis-vandenynas\/"},"modified":"2023-06-05T17:12:48","modified_gmt":"2023-06-05T17:12:48","slug":"melynasis-vandenynas","status":"publish","type":"product","link":"https:\/\/gintalevi.com\/lt\/produktas\/melynasis-vandenynas\/","title":{"rendered":"M\u0117lynasis vandenynas"},"content":{"rendered":"<p style=\"margin: 0in; font-family: Calibri; font-size: 11.0pt;\">\u0160i \u017eavinga skraist\u0117 puikiai tiks j\u016bs\u0173 kuodui ar rie\u0161ui!<\/p>\n<p style=\"margin: 0in; font-family: Calibri; font-size: 11.0pt;\">Nepa\u017eeis j\u016bs\u0173 plauk\u0173, nes \u0161ilkas yra nat\u016bralus.<\/p>\n<p style=\"margin: 0in; font-family: Calibri; font-size: 11.0pt;\">Jei plaukai slenka ir l\u016b\u017ein\u0117ja.<\/p>\n<p style=\"margin: 0in; font-family: Calibri; font-size: 11.0pt;\">Plauk\u0173 juosta puikiai tinka storiems ir ilgiems plaukams .<\/p>\n<p style=\"margin: 0in; font-family: Calibri; font-size: 11.0pt;\">Tai gali b\u016bti puiki j\u016bs\u0173 stiliaus detal\u0117.<\/p>\n","protected":false},"excerpt":{"rendered":"<p style=\"margin: 0in; font-family: Calibri; font-size: 11.0pt;\">100 % nat\u016bralaus \u0161ilko Seta .<\/p>\n<p style=\"margin: 0in; font-family: Calibri; font-size: 11.0pt;\">Rank\u0173 darbo su natura.<\/p>\n<p style=\"margin: 0in; font-family: Calibri; font-size: 11.0pt;\">Plauk\u0173 juostos gaminamos nedideliais kiekiais. Tai suteikia unikalumo ir originalumo.<\/p>\n<p>&nbsp;<\/p>\n","protected":false},"featured_media":8841,"comment_status":"open","ping_status":"closed","template":"","meta":{"_monsterinsights_skip_tracking":false,"_monsterinsights_sitenote_active":false,"_monsterinsights_sitenote_note":"","_monsterinsights_sitenote_category":0},"product_brand":[],"product_cat":[117],"product_tag":[],"class_list":{"0":"post-8828","1":"product","2":"type-product","3":"status-publish","4":"has-post-thumbnail","6":"product_cat-skraistes","8":"first","9":"instock","10":"taxable","11":"shipping-taxable","12":"purchasable","13":"product-type-simple"},"aioseo_notices":[],"_links":{"self":[{"href":"https:\/\/gintalevi.com\/lt\/wp-json\/wp\/v2\/product\/8828","targetHints":{"allow":["GET"]}}],"collection":[{"href":"https:\/\/gintalevi.com\/lt\/wp-json\/wp\/v2\/product"}],"about":[{"href":"https:\/\/gintalevi.com\/lt\/wp-json\/wp\/v2\/types\/product"}],"replies":[{"embeddable":true,"href":"https:\/\/gintalevi.com\/lt\/wp-json\/wp\/v2\/comments?post=8828"}],"version-history":[{"count":0,"href":"https:\/\/gintalevi.com\/lt\/wp-json\/wp\/v2\/product\/8828\/revisions"}],"wp:featuredmedia":[{"embeddable":true,"href":"https:\/\/gintalevi.com\/lt\/wp-json\/wp\/v2\/media\/8841"}],"wp:attachment":[{"href":"https:\/\/gintalevi.com\/lt\/wp-json\/wp\/v2\/media?parent=8828"}],"wp:term":[{"taxonomy":"product_brand","embeddable":true,"href":"https:\/\/gintalevi.com\/lt\/wp-json\/wp\/v2\/product_brand?post=8828"},{"taxonomy":"product_cat","embeddable":true,"href":"https:\/\/gintalevi.com\/lt\/wp-json\/wp\/v2\/product_cat?post=8828"},{"taxonomy":"product_tag","embeddable":true,"href":"https:\/\/gintalevi.com\/lt\/wp-json\/wp\/v2\/product_tag?post=8828"}],"curies":[{"name":"wp","href":"https:\/\/api.w.org\/{rel}","templated":true}]}}